{"id":66962,"date":"2025-11-26T23:07:11","date_gmt":"2025-11-26T22:07:11","guid":{"rendered":"https:\/\/www.hirtenberg-apotheke.at\/katalog\/produkt\/coldistop-nasenoel\/"},"modified":"2025-11-26T23:07:39","modified_gmt":"2025-11-26T22:07:39","slug":"coldistop-nasenoel","status":"publish","type":"product","link":"https:\/\/www.hirtenberg-apotheke.at\/katalog\/produkt\/coldistop-nasenoel\/","title":{"rendered":"Coldistop Nasen\u00f6l"},"content":{"rendered":"<p>COLDISTOP Nasen\u00f6l ist ein Arzneimittel zur Linderung von Beschwerden bei akut oder chronisch (dauerhaft) gesch\u00e4digter Nasenschleimhaut. Die Durchblutung der Schleimhaut wird angeregt. Vitamin A spielt bei der Neubildung von Schleimhautzellen und bei der Schleimhautproduktion eine wichtige Rolle und Vitamin E unterst\u00fctzt die Wirkung von Vitamin A.<\/p>\n","protected":false},"excerpt":{"rendered":"<p>COLDISTOP Nasen\u00f6l ist ein Arzneimittel zur Linderung von Beschwerden bei akut oder chronisch (dauerhaft) gesch\u00e4digter Nasenschleimhaut. Die Durchblutung der Schleimhaut wird angeregt. Vitamin A spielt bei der Neubildung von Schleimhautzellen und bei der Schleimhautproduktion eine wichtige Rolle und Vitamin E unterst\u00fctzt die Wirkung von Vitamin A.<\/p>\n","protected":false},"featured_media":66964,"template":"","meta":{"_acf_changed":false},"product_brand":[],"product_cat":[337],"product_tag":[],"class_list":{"0":"post-66962","1":"product","2":"type-product","3":"status-publish","4":"has-post-thumbnail","6":"product_cat-c","7":"pa_packungsgroesse-10ml","9":"first","10":"instock","11":"shipping-taxable","12":"purchasable","13":"product-type-simple"},"acf":[],"_links":{"self":[{"href":"https:\/\/www.hirtenberg-apotheke.at\/katalog\/wp-json\/wp\/v2\/product\/66962","targetHints":{"allow":["GET"]}}],"collection":[{"href":"https:\/\/www.hirtenberg-apotheke.at\/katalog\/wp-json\/wp\/v2\/product"}],"about":[{"href":"https:\/\/www.hirtenberg-apotheke.at\/katalog\/wp-json\/wp\/v2\/types\/product"}],"wp:featuredmedia":[{"embeddable":true,"href":"https:\/\/www.hirtenberg-apotheke.at\/katalog\/wp-json\/wp\/v2\/media\/66964"}],"wp:attachment":[{"href":"https:\/\/www.hirtenberg-apotheke.at\/katalog\/wp-json\/wp\/v2\/media?parent=66962"}],"wp:term":[{"taxonomy":"product_brand","embeddable":true,"href":"https:\/\/www.hirtenberg-apotheke.at\/katalog\/wp-json\/wp\/v2\/product_brand?post=66962"},{"taxonomy":"product_cat","embeddable":true,"href":"https:\/\/www.hirtenberg-apotheke.at\/katalog\/wp-json\/wp\/v2\/product_cat?post=66962"},{"taxonomy":"product_tag","embeddable":true,"href":"https:\/\/www.hirtenberg-apotheke.at\/katalog\/wp-json\/wp\/v2\/product_tag?post=66962"}],"curies":[{"name":"wp","href":"https:\/\/api.w.org\/{rel}","templated":true}]}}