{"id":66979,"date":"2025-11-26T23:07:48","date_gmt":"2025-11-26T22:07:48","guid":{"rendered":"https:\/\/www.hirtenberg-apotheke.at\/katalog\/produkt\/pantogar-kapseln-2\/"},"modified":"2025-11-26T23:08:06","modified_gmt":"2025-11-26T22:08:06","slug":"pantogar-kapseln-2","status":"publish","type":"product","link":"https:\/\/www.hirtenberg-apotheke.at\/katalog\/produkt\/pantogar-kapseln-2\/","title":{"rendered":"Pantogar Kapseln"},"content":{"rendered":"<p>Pantogar Kapseln reduzieren Haarausfall, steigern den Stoffwechsel der Haarwurzel und lassen das Haar gesund nachwachsen. Au\u00dferdem wird strapaziertes, d\u00fcnnes und br\u00fcchiges Haar gepflegt und Haarausfall bek\u00e4mpft. Des Weiteren werden splitternde, unelastische N\u00e4gel gest\u00e4rkt.<\/p>\n","protected":false},"excerpt":{"rendered":"<p>Pantogar Kapseln reduzieren Haarausfall, steigern den Stoffwechsel der Haarwurzel und lassen das Haar gesund nachwachsen. Au\u00dferdem wird strapaziertes, d\u00fcnnes und br\u00fcchiges Haar gepflegt und Haarausfall bek\u00e4mpft. Des Weiteren werden splitternde, unelastische N\u00e4gel gest\u00e4rkt.<\/p>\n","protected":false},"featured_media":66981,"template":"","meta":{"_acf_changed":false},"product_brand":[],"product_cat":[302],"product_tag":[],"class_list":{"0":"post-66979","1":"product","2":"type-product","3":"status-publish","4":"has-post-thumbnail","6":"product_cat-p","7":"pa_packungsgroesse-90-stueck","9":"first","10":"instock","11":"shipping-taxable","12":"purchasable","13":"product-type-simple"},"acf":[],"_links":{"self":[{"href":"https:\/\/www.hirtenberg-apotheke.at\/katalog\/wp-json\/wp\/v2\/product\/66979","targetHints":{"allow":["GET"]}}],"collection":[{"href":"https:\/\/www.hirtenberg-apotheke.at\/katalog\/wp-json\/wp\/v2\/product"}],"about":[{"href":"https:\/\/www.hirtenberg-apotheke.at\/katalog\/wp-json\/wp\/v2\/types\/product"}],"wp:featuredmedia":[{"embeddable":true,"href":"https:\/\/www.hirtenberg-apotheke.at\/katalog\/wp-json\/wp\/v2\/media\/66981"}],"wp:attachment":[{"href":"https:\/\/www.hirtenberg-apotheke.at\/katalog\/wp-json\/wp\/v2\/media?parent=66979"}],"wp:term":[{"taxonomy":"product_brand","embeddable":true,"href":"https:\/\/www.hirtenberg-apotheke.at\/katalog\/wp-json\/wp\/v2\/product_brand?post=66979"},{"taxonomy":"product_cat","embeddable":true,"href":"https:\/\/www.hirtenberg-apotheke.at\/katalog\/wp-json\/wp\/v2\/product_cat?post=66979"},{"taxonomy":"product_tag","embeddable":true,"href":"https:\/\/www.hirtenberg-apotheke.at\/katalog\/wp-json\/wp\/v2\/product_tag?post=66979"}],"curies":[{"name":"wp","href":"https:\/\/api.w.org\/{rel}","templated":true}]}}