{"id":67025,"date":"2025-11-26T23:09:34","date_gmt":"2025-11-26T22:09:34","guid":{"rendered":"https:\/\/www.hirtenberg-apotheke.at\/katalog\/produkt\/desitin-salbe\/"},"modified":"2025-11-26T23:10:06","modified_gmt":"2025-11-26T22:10:06","slug":"desitin-salbe","status":"publish","type":"product","link":"https:\/\/www.hirtenberg-apotheke.at\/katalog\/produkt\/desitin-salbe\/","title":{"rendered":"Desitin Salbe"},"content":{"rendered":"<p>Desitin Salbe ist eine seit langem verwendete Wund- und Heilsalbe. Der enthaltene Lebertran ist reich an Vitamin A und unges\u00e4ttigten Fetts\u00e4uren und bewirkt somit eine Anregung der Gewebsneubildung. Zinkoxid besitzt desinfizierende und aufsaugende Eigenschaften. Die Salbe wirkt gegen Geschw\u00fcre jeglicher Art und wird auch in der S\u00e4uglings- und Kleinkindpflege angewendet. Dieses Produkt ist in den Packungsgr\u00f6\u00dfen 20 g und 50 g erh\u00e4ltlich.<\/p>\n","protected":false},"excerpt":{"rendered":"<p>Desitin Salbe ist eine seit langem verwendete Wund- und Heilsalbe. Der enthaltene Lebertran ist reich an Vitamin A und unges\u00e4ttigten Fetts\u00e4uren und bewirkt somit eine Anregung der Gewebsneubildung. Zinkoxid besitzt desinfizierende und aufsaugende Eigenschaften. Die Salbe wirkt gegen Geschw\u00fcre jeglicher Art und wird auch in der S\u00e4uglings- und Kleinkindpflege angewendet. Dieses Produkt ist in den [&hellip;]<\/p>\n","protected":false},"featured_media":0,"template":"","meta":{"_acf_changed":false},"product_brand":[],"product_cat":[295],"product_tag":[],"class_list":{"0":"post-67025","1":"product","2":"type-product","3":"status-publish","5":"product_cat-d","6":"pa_packungsgroesse-50g","8":"first","9":"instock","10":"shipping-taxable","11":"purchasable","12":"product-type-simple"},"acf":[],"_links":{"self":[{"href":"https:\/\/www.hirtenberg-apotheke.at\/katalog\/wp-json\/wp\/v2\/product\/67025","targetHints":{"allow":["GET"]}}],"collection":[{"href":"https:\/\/www.hirtenberg-apotheke.at\/katalog\/wp-json\/wp\/v2\/product"}],"about":[{"href":"https:\/\/www.hirtenberg-apotheke.at\/katalog\/wp-json\/wp\/v2\/types\/product"}],"wp:attachment":[{"href":"https:\/\/www.hirtenberg-apotheke.at\/katalog\/wp-json\/wp\/v2\/media?parent=67025"}],"wp:term":[{"taxonomy":"product_brand","embeddable":true,"href":"https:\/\/www.hirtenberg-apotheke.at\/katalog\/wp-json\/wp\/v2\/product_brand?post=67025"},{"taxonomy":"product_cat","embeddable":true,"href":"https:\/\/www.hirtenberg-apotheke.at\/katalog\/wp-json\/wp\/v2\/product_cat?post=67025"},{"taxonomy":"product_tag","embeddable":true,"href":"https:\/\/www.hirtenberg-apotheke.at\/katalog\/wp-json\/wp\/v2\/product_tag?post=67025"}],"curies":[{"name":"wp","href":"https:\/\/api.w.org\/{rel}","templated":true}]}}