{"id":67034,"date":"2025-11-26T23:10:14","date_gmt":"2025-11-26T22:10:14","guid":{"rendered":"https:\/\/www.hirtenberg-apotheke.at\/katalog\/produkt\/tannosynt-fluessig-badekonzentrat\/"},"modified":"2025-11-26T23:10:32","modified_gmt":"2025-11-26T22:10:32","slug":"tannosynt-fluessig-badekonzentrat","status":"publish","type":"product","link":"https:\/\/www.hirtenberg-apotheke.at\/katalog\/produkt\/tannosynt-fluessig-badekonzentrat\/","title":{"rendered":"Tannosynt fl\u00fcssig Badekonzentrat"},"content":{"rendered":"<p>TANNOSYNT\u00ae fl\u00fcssig Badekonzentrat ist ein w\u00e4ssriges Konzentrat zur Anwendung in Form von Umschl\u00e4gen, Waschungen und B\u00e4dern bei entz\u00fcndlichen, n\u00e4ssenden und juckenden Hauterkrankungen im akuten Stadium.<\/p>\n","protected":false},"excerpt":{"rendered":"<p>TANNOSYNT\u00ae fl\u00fcssig Badekonzentrat ist ein w\u00e4ssriges Konzentrat zur Anwendung in Form von Umschl\u00e4gen, Waschungen und B\u00e4dern bei entz\u00fcndlichen, n\u00e4ssenden und juckenden Hauterkrankungen im akuten Stadium.<\/p>\n","protected":false},"featured_media":0,"template":"","meta":{"_acf_changed":false},"product_brand":[],"product_cat":[319],"product_tag":[],"class_list":{"0":"post-67034","1":"product","2":"type-product","3":"status-publish","5":"product_cat-t","6":"pa_packungsgroesse-100g","8":"first","9":"instock","10":"shipping-taxable","11":"purchasable","12":"product-type-simple"},"acf":[],"_links":{"self":[{"href":"https:\/\/www.hirtenberg-apotheke.at\/katalog\/wp-json\/wp\/v2\/product\/67034","targetHints":{"allow":["GET"]}}],"collection":[{"href":"https:\/\/www.hirtenberg-apotheke.at\/katalog\/wp-json\/wp\/v2\/product"}],"about":[{"href":"https:\/\/www.hirtenberg-apotheke.at\/katalog\/wp-json\/wp\/v2\/types\/product"}],"wp:attachment":[{"href":"https:\/\/www.hirtenberg-apotheke.at\/katalog\/wp-json\/wp\/v2\/media?parent=67034"}],"wp:term":[{"taxonomy":"product_brand","embeddable":true,"href":"https:\/\/www.hirtenberg-apotheke.at\/katalog\/wp-json\/wp\/v2\/product_brand?post=67034"},{"taxonomy":"product_cat","embeddable":true,"href":"https:\/\/www.hirtenberg-apotheke.at\/katalog\/wp-json\/wp\/v2\/product_cat?post=67034"},{"taxonomy":"product_tag","embeddable":true,"href":"https:\/\/www.hirtenberg-apotheke.at\/katalog\/wp-json\/wp\/v2\/product_tag?post=67034"}],"curies":[{"name":"wp","href":"https:\/\/api.w.org\/{rel}","templated":true}]}}