{"id":67037,"date":"2025-11-26T23:10:14","date_gmt":"2025-11-26T22:10:14","guid":{"rendered":"https:\/\/www.hirtenberg-apotheke.at\/katalog\/produkt\/mycopol-fussbad\/"},"modified":"2025-11-26T23:11:47","modified_gmt":"2025-11-26T22:11:47","slug":"mycopol-fussbad","status":"publish","type":"product","link":"https:\/\/www.hirtenberg-apotheke.at\/katalog\/produkt\/mycopol-fussbad\/","title":{"rendered":"Mycopol-Fu\u00dfbad"},"content":{"rendered":"<p>Mycopol Fu\u00dfbad hemmt Geruchsbildung und kann f\u00fcr alle Bade-, Tauch- und Sporartikel als desinfizierende Waschl\u00f6sung verwendet werden. Au\u00dferdem beugt das  Fu\u00dfbad Pilzerkrankungen der F\u00fc\u00dfe vor.<\/p>\n","protected":false},"excerpt":{"rendered":"<p>Mycopol Fu\u00dfbad hemmt Geruchsbildung und kann f\u00fcr alle Bade-, Tauch- und Sporartikel als desinfizierende Waschl\u00f6sung verwendet werden. Au\u00dferdem beugt das Fu\u00dfbad Pilzerkrankungen der F\u00fc\u00dfe vor.<\/p>\n","protected":false},"featured_media":0,"template":"","meta":{"_acf_changed":false},"product_brand":[],"product_cat":[308],"product_tag":[],"class_list":{"0":"post-67037","1":"product","2":"type-product","3":"status-publish","5":"product_cat-m","6":"pa_packungsgroesse-100g","7":"pa_packungsgroesse-1kg","9":"first","10":"instock","11":"shipping-taxable","12":"purchasable","13":"product-type-simple"},"acf":[],"_links":{"self":[{"href":"https:\/\/www.hirtenberg-apotheke.at\/katalog\/wp-json\/wp\/v2\/product\/67037","targetHints":{"allow":["GET"]}}],"collection":[{"href":"https:\/\/www.hirtenberg-apotheke.at\/katalog\/wp-json\/wp\/v2\/product"}],"about":[{"href":"https:\/\/www.hirtenberg-apotheke.at\/katalog\/wp-json\/wp\/v2\/types\/product"}],"wp:attachment":[{"href":"https:\/\/www.hirtenberg-apotheke.at\/katalog\/wp-json\/wp\/v2\/media?parent=67037"}],"wp:term":[{"taxonomy":"product_brand","embeddable":true,"href":"https:\/\/www.hirtenberg-apotheke.at\/katalog\/wp-json\/wp\/v2\/product_brand?post=67037"},{"taxonomy":"product_cat","embeddable":true,"href":"https:\/\/www.hirtenberg-apotheke.at\/katalog\/wp-json\/wp\/v2\/product_cat?post=67037"},{"taxonomy":"product_tag","embeddable":true,"href":"https:\/\/www.hirtenberg-apotheke.at\/katalog\/wp-json\/wp\/v2\/product_tag?post=67037"}],"curies":[{"name":"wp","href":"https:\/\/api.w.org\/{rel}","templated":true}]}}