{"id":67041,"date":"2025-11-26T23:10:55","date_gmt":"2025-11-26T22:10:55","guid":{"rendered":"https:\/\/www.hirtenberg-apotheke.at\/katalog\/produkt\/anaestherit-10-salbe-mit-benzocain\/"},"modified":"2025-11-26T23:10:59","modified_gmt":"2025-11-26T22:10:59","slug":"anaestherit-10-salbe-mit-benzocain","status":"publish","type":"product","link":"https:\/\/www.hirtenberg-apotheke.at\/katalog\/produkt\/anaestherit-10-salbe-mit-benzocain\/","title":{"rendered":"Anaestherit 10% Salbe mit Benzocain"},"content":{"rendered":"<p>Anaestherit Salbe 10% ist ein Mittel zur Bet\u00e4ubung der Hautoberfl\u00e4che (Lokalan\u00e4sthetikum). Es dient der Linderung von Schmerzen der intakten Haut, verursacht durch leichte Brandwunden und Sonnenbrand.<\/p>\n","protected":false},"excerpt":{"rendered":"<p>Anaestherit Salbe 10% ist ein Mittel zur Bet\u00e4ubung der Hautoberfl\u00e4che (Lokalan\u00e4sthetikum). Es dient der Linderung von Schmerzen der intakten Haut, verursacht durch leichte Brandwunden und Sonnenbrand.<\/p>\n","protected":false},"featured_media":67043,"template":"","meta":{"_acf_changed":false},"product_brand":[],"product_cat":[299],"product_tag":[],"class_list":{"0":"post-67041","1":"product","2":"type-product","3":"status-publish","4":"has-post-thumbnail","6":"product_cat-a","7":"pa_packungsgroesse-20g","9":"first","10":"instock","11":"shipping-taxable","12":"purchasable","13":"product-type-simple"},"acf":[],"_links":{"self":[{"href":"https:\/\/www.hirtenberg-apotheke.at\/katalog\/wp-json\/wp\/v2\/product\/67041","targetHints":{"allow":["GET"]}}],"collection":[{"href":"https:\/\/www.hirtenberg-apotheke.at\/katalog\/wp-json\/wp\/v2\/product"}],"about":[{"href":"https:\/\/www.hirtenberg-apotheke.at\/katalog\/wp-json\/wp\/v2\/types\/product"}],"wp:featuredmedia":[{"embeddable":true,"href":"https:\/\/www.hirtenberg-apotheke.at\/katalog\/wp-json\/wp\/v2\/media\/67043"}],"wp:attachment":[{"href":"https:\/\/www.hirtenberg-apotheke.at\/katalog\/wp-json\/wp\/v2\/media?parent=67041"}],"wp:term":[{"taxonomy":"product_brand","embeddable":true,"href":"https:\/\/www.hirtenberg-apotheke.at\/katalog\/wp-json\/wp\/v2\/product_brand?post=67041"},{"taxonomy":"product_cat","embeddable":true,"href":"https:\/\/www.hirtenberg-apotheke.at\/katalog\/wp-json\/wp\/v2\/product_cat?post=67041"},{"taxonomy":"product_tag","embeddable":true,"href":"https:\/\/www.hirtenberg-apotheke.at\/katalog\/wp-json\/wp\/v2\/product_tag?post=67041"}],"curies":[{"name":"wp","href":"https:\/\/api.w.org\/{rel}","templated":true}]}}