{"id":67050,"date":"2025-11-26T23:10:55","date_gmt":"2025-11-26T22:10:55","guid":{"rendered":"https:\/\/www.hirtenberg-apotheke.at\/katalog\/produkt\/azulenal-salbe\/"},"modified":"2025-11-26T23:11:23","modified_gmt":"2025-11-26T22:11:23","slug":"azulenal-salbe","status":"publish","type":"product","link":"https:\/\/www.hirtenberg-apotheke.at\/katalog\/produkt\/azulenal-salbe\/","title":{"rendered":"Azulenal Salbe"},"content":{"rendered":"<p>Azulenal Salbe wirkt entz\u00fcndungshemmend, unterst\u00fctzt den Heilungsprozess der Haut und stellt deren nat\u00fcrliche Schutzfunktion wieder her. Das in der Salbe enthaltene Guajazulen wird aus dem Eukalyptusbaum gewonnen und hat entz\u00fcndungshemmende und heilungsfordernde Eigenschaften. Es sch\u00fctzt die Haut und halt sie geschmeidig &#8211; jetzt stark preisreduziert bestellen!<\/p>\n","protected":false},"excerpt":{"rendered":"<p>Azulenal Salbe wirkt entz\u00fcndungshemmend, unterst\u00fctzt den Heilungsprozess der Haut und stellt deren nat\u00fcrliche Schutzfunktion wieder her. Das in der Salbe enthaltene Guajazulen wird aus dem Eukalyptusbaum gewonnen und hat entz\u00fcndungshemmende und heilungsfordernde Eigenschaften. Es sch\u00fctzt die Haut und halt sie geschmeidig &#8211; jetzt stark preisreduziert bestellen!<\/p>\n","protected":false},"featured_media":67052,"template":"","meta":{"_acf_changed":false},"product_brand":[],"product_cat":[299],"product_tag":[],"class_list":{"0":"post-67050","1":"product","2":"type-product","3":"status-publish","4":"has-post-thumbnail","6":"product_cat-a","7":"pa_packungsgroesse-20g","9":"first","10":"instock","11":"shipping-taxable","12":"purchasable","13":"product-type-simple"},"acf":[],"_links":{"self":[{"href":"https:\/\/www.hirtenberg-apotheke.at\/katalog\/wp-json\/wp\/v2\/product\/67050","targetHints":{"allow":["GET"]}}],"collection":[{"href":"https:\/\/www.hirtenberg-apotheke.at\/katalog\/wp-json\/wp\/v2\/product"}],"about":[{"href":"https:\/\/www.hirtenberg-apotheke.at\/katalog\/wp-json\/wp\/v2\/types\/product"}],"wp:featuredmedia":[{"embeddable":true,"href":"https:\/\/www.hirtenberg-apotheke.at\/katalog\/wp-json\/wp\/v2\/media\/67052"}],"wp:attachment":[{"href":"https:\/\/www.hirtenberg-apotheke.at\/katalog\/wp-json\/wp\/v2\/media?parent=67050"}],"wp:term":[{"taxonomy":"product_brand","embeddable":true,"href":"https:\/\/www.hirtenberg-apotheke.at\/katalog\/wp-json\/wp\/v2\/product_brand?post=67050"},{"taxonomy":"product_cat","embeddable":true,"href":"https:\/\/www.hirtenberg-apotheke.at\/katalog\/wp-json\/wp\/v2\/product_cat?post=67050"},{"taxonomy":"product_tag","embeddable":true,"href":"https:\/\/www.hirtenberg-apotheke.at\/katalog\/wp-json\/wp\/v2\/product_tag?post=67050"}],"curies":[{"name":"wp","href":"https:\/\/api.w.org\/{rel}","templated":true}]}}