{"id":67108,"date":"2025-11-26T23:13:15","date_gmt":"2025-11-26T22:13:15","guid":{"rendered":"https:\/\/www.hirtenberg-apotheke.at\/katalog\/produkt\/canesten-clotrimazol-loesung\/"},"modified":"2025-11-26T23:13:42","modified_gmt":"2025-11-26T22:13:42","slug":"canesten-clotrimazol-loesung","status":"publish","type":"product","link":"https:\/\/www.hirtenberg-apotheke.at\/katalog\/produkt\/canesten-clotrimazol-loesung\/","title":{"rendered":"Canesten Clotrimazol L\u00f6sung"},"content":{"rendered":"<p>Canesten Clotrimazol L\u00f6sung von Bayer hemmt unerw\u00fcnschte Haut- und Nagelpilze in ihrem Wachstum oder t\u00f6tet sie ab und ist dabei sehr gut vertr\u00e4glich.<\/p>\n","protected":false},"excerpt":{"rendered":"<p>Canesten Clotrimazol L\u00f6sung von Bayer hemmt unerw\u00fcnschte Haut- und Nagelpilze in ihrem Wachstum oder t\u00f6tet sie ab und ist dabei sehr gut vertr\u00e4glich.<\/p>\n","protected":false},"featured_media":0,"template":"","meta":{"_acf_changed":false},"product_brand":[],"product_cat":[337],"product_tag":[],"class_list":{"0":"post-67108","1":"product","2":"type-product","3":"status-publish","5":"product_cat-c","6":"pa_packungsgroesse-20ml","8":"first","9":"instock","10":"shipping-taxable","11":"purchasable","12":"product-type-simple"},"acf":[],"_links":{"self":[{"href":"https:\/\/www.hirtenberg-apotheke.at\/katalog\/wp-json\/wp\/v2\/product\/67108","targetHints":{"allow":["GET"]}}],"collection":[{"href":"https:\/\/www.hirtenberg-apotheke.at\/katalog\/wp-json\/wp\/v2\/product"}],"about":[{"href":"https:\/\/www.hirtenberg-apotheke.at\/katalog\/wp-json\/wp\/v2\/types\/product"}],"wp:attachment":[{"href":"https:\/\/www.hirtenberg-apotheke.at\/katalog\/wp-json\/wp\/v2\/media?parent=67108"}],"wp:term":[{"taxonomy":"product_brand","embeddable":true,"href":"https:\/\/www.hirtenberg-apotheke.at\/katalog\/wp-json\/wp\/v2\/product_brand?post=67108"},{"taxonomy":"product_cat","embeddable":true,"href":"https:\/\/www.hirtenberg-apotheke.at\/katalog\/wp-json\/wp\/v2\/product_cat?post=67108"},{"taxonomy":"product_tag","embeddable":true,"href":"https:\/\/www.hirtenberg-apotheke.at\/katalog\/wp-json\/wp\/v2\/product_tag?post=67108"}],"curies":[{"name":"wp","href":"https:\/\/api.w.org\/{rel}","templated":true}]}}