{"id":67131,"date":"2025-11-26T23:14:33","date_gmt":"2025-11-26T22:14:33","guid":{"rendered":"https:\/\/www.hirtenberg-apotheke.at\/katalog\/produkt\/sulfoderm-s-teint-stick-sport\/"},"modified":"2025-11-26T23:15:07","modified_gmt":"2025-11-26T22:15:07","slug":"sulfoderm-s-teint-stick-sport","status":"publish","type":"product","link":"https:\/\/www.hirtenberg-apotheke.at\/katalog\/produkt\/sulfoderm-s-teint-stick-sport\/","title":{"rendered":"Sulfoderm S Teint Stick Sport"},"content":{"rendered":"<p>Sulfoderm S Teint Stick Sport ist ein Abdeckstift, welcher sich zum punktuellen Abdecken eignet. Die antibakteriellen und entz\u00fcndungshemmenden Bestandteile verhelfen der Haut zu einem gleichm\u00e4\u00dfigen Aussehen.<\/p>\n","protected":false},"excerpt":{"rendered":"<p>Sulfoderm S Teint Stick Sport ist ein Abdeckstift, welcher sich zum punktuellen Abdecken eignet. Die antibakteriellen und entz\u00fcndungshemmenden Bestandteile verhelfen der Haut zu einem gleichm\u00e4\u00dfigen Aussehen.<\/p>\n","protected":false},"featured_media":67133,"template":"","meta":{"_acf_changed":false},"product_brand":[],"product_cat":[303],"product_tag":[],"class_list":{"0":"post-67131","1":"product","2":"type-product","3":"status-publish","4":"has-post-thumbnail","6":"product_cat-s","7":"pa_packungsgroesse-1-stueck","9":"first","10":"instock","11":"shipping-taxable","12":"purchasable","13":"product-type-simple"},"acf":[],"_links":{"self":[{"href":"https:\/\/www.hirtenberg-apotheke.at\/katalog\/wp-json\/wp\/v2\/product\/67131","targetHints":{"allow":["GET"]}}],"collection":[{"href":"https:\/\/www.hirtenberg-apotheke.at\/katalog\/wp-json\/wp\/v2\/product"}],"about":[{"href":"https:\/\/www.hirtenberg-apotheke.at\/katalog\/wp-json\/wp\/v2\/types\/product"}],"wp:featuredmedia":[{"embeddable":true,"href":"https:\/\/www.hirtenberg-apotheke.at\/katalog\/wp-json\/wp\/v2\/media\/67133"}],"wp:attachment":[{"href":"https:\/\/www.hirtenberg-apotheke.at\/katalog\/wp-json\/wp\/v2\/media?parent=67131"}],"wp:term":[{"taxonomy":"product_brand","embeddable":true,"href":"https:\/\/www.hirtenberg-apotheke.at\/katalog\/wp-json\/wp\/v2\/product_brand?post=67131"},{"taxonomy":"product_cat","embeddable":true,"href":"https:\/\/www.hirtenberg-apotheke.at\/katalog\/wp-json\/wp\/v2\/product_cat?post=67131"},{"taxonomy":"product_tag","embeddable":true,"href":"https:\/\/www.hirtenberg-apotheke.at\/katalog\/wp-json\/wp\/v2\/product_tag?post=67131"}],"curies":[{"name":"wp","href":"https:\/\/api.w.org\/{rel}","templated":true}]}}