{"id":67176,"date":"2025-11-26T23:15:55","date_gmt":"2025-11-26T22:15:55","guid":{"rendered":"https:\/\/www.hirtenberg-apotheke.at\/katalog\/produkt\/stal-kartoffelcreme-unparfuemiert\/"},"modified":"2025-11-26T23:16:21","modified_gmt":"2025-11-26T22:16:21","slug":"stal-kartoffelcreme-unparfuemiert","status":"publish","type":"product","link":"https:\/\/www.hirtenberg-apotheke.at\/katalog\/produkt\/stal-kartoffelcreme-unparfuemiert\/","title":{"rendered":"Stal Kartoffelcreme unparf\u00fcmiert"},"content":{"rendered":"<p>Stal Kartoffelcreme nat\u00fcrliche Hautpflegecreme welche die nat\u00fcrlichen Wirkstoffe von Kartoffeln nutzt um der Haut zu einem geschmeidigeren Gesamtbild zu verhelfen. Die Creme eignet sich besonders f\u00fcr H\u00e4nde und F\u00fc\u00dfe.<\/p>\n","protected":false},"excerpt":{"rendered":"<p>Stal Kartoffelcreme nat\u00fcrliche Hautpflegecreme welche die nat\u00fcrlichen Wirkstoffe von Kartoffeln nutzt um der Haut zu einem geschmeidigeren Gesamtbild zu verhelfen. Die Creme eignet sich besonders f\u00fcr H\u00e4nde und F\u00fc\u00dfe.<\/p>\n","protected":false},"featured_media":0,"template":"","meta":{"_acf_changed":false},"product_brand":[],"product_cat":[303],"product_tag":[],"class_list":{"0":"post-67176","1":"product","2":"type-product","3":"status-publish","5":"product_cat-s","6":"pa_packungsgroesse-50ml","8":"first","9":"instock","10":"shipping-taxable","11":"purchasable","12":"product-type-simple"},"acf":[],"_links":{"self":[{"href":"https:\/\/www.hirtenberg-apotheke.at\/katalog\/wp-json\/wp\/v2\/product\/67176","targetHints":{"allow":["GET"]}}],"collection":[{"href":"https:\/\/www.hirtenberg-apotheke.at\/katalog\/wp-json\/wp\/v2\/product"}],"about":[{"href":"https:\/\/www.hirtenberg-apotheke.at\/katalog\/wp-json\/wp\/v2\/types\/product"}],"wp:attachment":[{"href":"https:\/\/www.hirtenberg-apotheke.at\/katalog\/wp-json\/wp\/v2\/media?parent=67176"}],"wp:term":[{"taxonomy":"product_brand","embeddable":true,"href":"https:\/\/www.hirtenberg-apotheke.at\/katalog\/wp-json\/wp\/v2\/product_brand?post=67176"},{"taxonomy":"product_cat","embeddable":true,"href":"https:\/\/www.hirtenberg-apotheke.at\/katalog\/wp-json\/wp\/v2\/product_cat?post=67176"},{"taxonomy":"product_tag","embeddable":true,"href":"https:\/\/www.hirtenberg-apotheke.at\/katalog\/wp-json\/wp\/v2\/product_tag?post=67176"}],"curies":[{"name":"wp","href":"https:\/\/api.w.org\/{rel}","templated":true}]}}