{"id":67244,"date":"2025-11-26T23:18:16","date_gmt":"2025-11-26T22:18:16","guid":{"rendered":"https:\/\/www.hirtenberg-apotheke.at\/katalog\/produkt\/azzurra-paglieri-puder-100-g-beutel\/"},"modified":"2025-11-26T23:18:28","modified_gmt":"2025-11-26T22:18:28","slug":"azzurra-paglieri-puder-100-g-beutel","status":"publish","type":"product","link":"https:\/\/www.hirtenberg-apotheke.at\/katalog\/produkt\/azzurra-paglieri-puder-100-g-beutel\/","title":{"rendered":"Azzurra Paglieri Puder 100 g Beutel"},"content":{"rendered":"<p>Azzurra Paglieri Puder steigert dank des einzigartigen, unverwechselbaren und charakteristischen Duftes Ihr pers\u00f6nliches Wohlbefinden und begeistert seit Generationen Gro\u00df und Klein. Reichhaltige, pflegende und aufeinander abgestimmte Substanzen sorgen f\u00fcr ein angenehmes Hautgef\u00fchl und der traditionelle Duft f\u00fcr den well-being Effekt. Dermatologisch getestet.<\/p>\n","protected":false},"excerpt":{"rendered":"<p>Azzurra Paglieri Puder steigert dank des einzigartigen, unverwechselbaren und charakteristischen Duftes Ihr pers\u00f6nliches Wohlbefinden und begeistert seit Generationen Gro\u00df und Klein. Reichhaltige, pflegende und aufeinander abgestimmte Substanzen sorgen f\u00fcr ein angenehmes Hautgef\u00fchl und der traditionelle Duft f\u00fcr den well-being Effekt. Dermatologisch getestet.<\/p>\n","protected":false},"featured_media":67246,"template":"","meta":{"_acf_changed":false},"product_brand":[],"product_cat":[299],"product_tag":[],"class_list":{"0":"post-67244","1":"product","2":"type-product","3":"status-publish","4":"has-post-thumbnail","6":"product_cat-a","7":"pa_packungsgroesse-1-beutel","9":"first","10":"instock","11":"shipping-taxable","12":"purchasable","13":"product-type-simple"},"acf":[],"_links":{"self":[{"href":"https:\/\/www.hirtenberg-apotheke.at\/katalog\/wp-json\/wp\/v2\/product\/67244","targetHints":{"allow":["GET"]}}],"collection":[{"href":"https:\/\/www.hirtenberg-apotheke.at\/katalog\/wp-json\/wp\/v2\/product"}],"about":[{"href":"https:\/\/www.hirtenberg-apotheke.at\/katalog\/wp-json\/wp\/v2\/types\/product"}],"wp:featuredmedia":[{"embeddable":true,"href":"https:\/\/www.hirtenberg-apotheke.at\/katalog\/wp-json\/wp\/v2\/media\/67246"}],"wp:attachment":[{"href":"https:\/\/www.hirtenberg-apotheke.at\/katalog\/wp-json\/wp\/v2\/media?parent=67244"}],"wp:term":[{"taxonomy":"product_brand","embeddable":true,"href":"https:\/\/www.hirtenberg-apotheke.at\/katalog\/wp-json\/wp\/v2\/product_brand?post=67244"},{"taxonomy":"product_cat","embeddable":true,"href":"https:\/\/www.hirtenberg-apotheke.at\/katalog\/wp-json\/wp\/v2\/product_cat?post=67244"},{"taxonomy":"product_tag","embeddable":true,"href":"https:\/\/www.hirtenberg-apotheke.at\/katalog\/wp-json\/wp\/v2\/product_tag?post=67244"}],"curies":[{"name":"wp","href":"https:\/\/api.w.org\/{rel}","templated":true}]}}