{"id":6730,"date":"2025-11-25T13:19:46","date_gmt":"2025-11-25T12:19:46","guid":{"rendered":"https:\/\/www.hirtenberg-apotheke.at\/katalog\/produkt\/dr-boehm-ein-durchschlaf-dragees-mit-baldrian-melisse-und-passionsblume-60-stk\/"},"modified":"2025-11-25T13:20:02","modified_gmt":"2025-11-25T12:20:02","slug":"dr-boehm-ein-durchschlaf-dragees-mit-baldrian-melisse-und-passionsblume-60-stk","status":"publish","type":"product","link":"https:\/\/www.hirtenberg-apotheke.at\/katalog\/produkt\/dr-boehm-ein-durchschlaf-dragees-mit-baldrian-melisse-und-passionsblume-60-stk\/","title":{"rendered":"Dr. B\u00f6hm EIN &#038; DURCHSCHLAF Dragees mit Baldrian, Melisse und Passionsblume &#8211; 60 Stk"},"content":{"rendered":"<p>Dr. B\u00f6hm Ein- und Durchschlaf Dragees helfen bei nerv\u00f6s bedingten Ein- und Durchschlafst\u00f6rungen. Des Weiteren f\u00f6rdern Sie die Schlafbereitschaft und verbessern die Schlafqualit\u00e4t sowie die Schlaftiefe.<\/p>\n","protected":false},"excerpt":{"rendered":"<p>Dr. B\u00f6hm Ein- und Durchschlaf Dragees helfen bei nerv\u00f6s bedingten Ein- und Durchschlafst\u00f6rungen. Des Weiteren f\u00f6rdern Sie die Schlafbereitschaft und verbessern die Schlafqualit\u00e4t sowie die Schlaftiefe.<\/p>\n","protected":false},"featured_media":6732,"template":"","meta":{"_acf_changed":false},"product_brand":[294],"product_cat":[295],"product_tag":[],"class_list":{"0":"post-6730","1":"product","2":"type-product","3":"status-publish","4":"has-post-thumbnail","6":"product_brand-dr-boehm","7":"product_cat-d","8":"pa_packungsgroesse-60-stueck","10":"first","11":"instock","12":"shipping-taxable","13":"purchasable","14":"product-type-simple"},"acf":[],"_links":{"self":[{"href":"https:\/\/www.hirtenberg-apotheke.at\/katalog\/wp-json\/wp\/v2\/product\/6730","targetHints":{"allow":["GET"]}}],"collection":[{"href":"https:\/\/www.hirtenberg-apotheke.at\/katalog\/wp-json\/wp\/v2\/product"}],"about":[{"href":"https:\/\/www.hirtenberg-apotheke.at\/katalog\/wp-json\/wp\/v2\/types\/product"}],"wp:featuredmedia":[{"embeddable":true,"href":"https:\/\/www.hirtenberg-apotheke.at\/katalog\/wp-json\/wp\/v2\/media\/6732"}],"wp:attachment":[{"href":"https:\/\/www.hirtenberg-apotheke.at\/katalog\/wp-json\/wp\/v2\/media?parent=6730"}],"wp:term":[{"taxonomy":"product_brand","embeddable":true,"href":"https:\/\/www.hirtenberg-apotheke.at\/katalog\/wp-json\/wp\/v2\/product_brand?post=6730"},{"taxonomy":"product_cat","embeddable":true,"href":"https:\/\/www.hirtenberg-apotheke.at\/katalog\/wp-json\/wp\/v2\/product_cat?post=6730"},{"taxonomy":"product_tag","embeddable":true,"href":"https:\/\/www.hirtenberg-apotheke.at\/katalog\/wp-json\/wp\/v2\/product_tag?post=6730"}],"curies":[{"name":"wp","href":"https:\/\/api.w.org\/{rel}","templated":true}]}}