{"id":67324,"date":"2025-11-26T23:20:42","date_gmt":"2025-11-26T22:20:42","guid":{"rendered":"https:\/\/www.hirtenberg-apotheke.at\/katalog\/produkt\/lecicarbon-zaepfchen-2\/"},"modified":"2025-11-26T23:21:10","modified_gmt":"2025-11-26T22:21:10","slug":"lecicarbon-zaepfchen-2","status":"publish","type":"product","link":"https:\/\/www.hirtenberg-apotheke.at\/katalog\/produkt\/lecicarbon-zaepfchen-2\/","title":{"rendered":"Lecicarbon Z\u00e4pfchen"},"content":{"rendered":"<p>Lecicarbon ist ein Abf\u00fchrmittel in Z\u00e4pfchenform. Es ist geeignet zur Behandlung von Verstopfungen des Dickdarms und des Enddarms bei Erwachsenen und Jugendlichen (12-18 Jahre) z.B. bei schlackenarmer Kost oder mangelnder Bewegung sowie bei Erkrankungen, die einen erleichterten Stuhlgang erfordern. Zudem wird es zur Darmentleerung bei diagnostischen oder therapeutischen Ma\u00dfnahmen im Enddarmbereich angewendet.<\/p>\n","protected":false},"excerpt":{"rendered":"<p>Lecicarbon ist ein Abf\u00fchrmittel in Z\u00e4pfchenform. Es ist geeignet zur Behandlung von Verstopfungen des Dickdarms und des Enddarms bei Erwachsenen und Jugendlichen (12-18 Jahre) z.B. bei schlackenarmer Kost oder mangelnder Bewegung sowie bei Erkrankungen, die einen erleichterten Stuhlgang erfordern. Zudem wird es zur Darmentleerung bei diagnostischen oder therapeutischen Ma\u00dfnahmen im Enddarmbereich angewendet.<\/p>\n","protected":false},"featured_media":0,"template":"","meta":{"_acf_changed":false},"product_brand":[],"product_cat":[317],"product_tag":[],"class_list":{"0":"post-67324","1":"product","2":"type-product","3":"status-publish","5":"product_cat-l","6":"pa_packungsgroesse-12-stueck","7":"pa_packungsgroesse-6-stueck","9":"first","10":"instock","11":"shipping-taxable","12":"purchasable","13":"product-type-variable"},"acf":[],"_links":{"self":[{"href":"https:\/\/www.hirtenberg-apotheke.at\/katalog\/wp-json\/wp\/v2\/product\/67324","targetHints":{"allow":["GET"]}}],"collection":[{"href":"https:\/\/www.hirtenberg-apotheke.at\/katalog\/wp-json\/wp\/v2\/product"}],"about":[{"href":"https:\/\/www.hirtenberg-apotheke.at\/katalog\/wp-json\/wp\/v2\/types\/product"}],"wp:attachment":[{"href":"https:\/\/www.hirtenberg-apotheke.at\/katalog\/wp-json\/wp\/v2\/media?parent=67324"}],"wp:term":[{"taxonomy":"product_brand","embeddable":true,"href":"https:\/\/www.hirtenberg-apotheke.at\/katalog\/wp-json\/wp\/v2\/product_brand?post=67324"},{"taxonomy":"product_cat","embeddable":true,"href":"https:\/\/www.hirtenberg-apotheke.at\/katalog\/wp-json\/wp\/v2\/product_cat?post=67324"},{"taxonomy":"product_tag","embeddable":true,"href":"https:\/\/www.hirtenberg-apotheke.at\/katalog\/wp-json\/wp\/v2\/product_tag?post=67324"}],"curies":[{"name":"wp","href":"https:\/\/api.w.org\/{rel}","templated":true}]}}