{"id":67343,"date":"2025-11-26T23:21:46","date_gmt":"2025-11-26T22:21:46","guid":{"rendered":"https:\/\/www.hirtenberg-apotheke.at\/katalog\/produkt\/eucarbon-tabletten\/"},"modified":"2025-11-26T23:22:04","modified_gmt":"2025-11-26T22:22:04","slug":"eucarbon-tabletten","status":"publish","type":"product","link":"https:\/\/www.hirtenberg-apotheke.at\/katalog\/produkt\/eucarbon-tabletten\/","title":{"rendered":"Eucarbon\u00ae Tabletten"},"content":{"rendered":"<p>EUCARBON\u00ae Tabletten wirken sowohl als mildes Abf\u00fchrmittel als auch gegen leichte Formen von Durchfall. Sie wirken verdauungsregulierend und sorgen f\u00fcr eine regelm\u00e4\u00dfige Funktion des Verdauungssystems.Information in English see below!Renseignements en fran\u00e7ais &#8211; voir ci-dessous!<\/p>\n","protected":false},"excerpt":{"rendered":"<p>EUCARBON\u00ae Tabletten wirken sowohl als mildes Abf\u00fchrmittel als auch gegen leichte Formen von Durchfall. Sie wirken verdauungsregulierend und sorgen f\u00fcr eine regelm\u00e4\u00dfige Funktion des Verdauungssystems.Information in English see below!Renseignements en fran\u00e7ais &#8211; voir ci-dessous!<\/p>\n","protected":false},"featured_media":0,"template":"","meta":{"_acf_changed":false},"product_brand":[],"product_cat":[307],"product_tag":[],"class_list":{"0":"post-67343","1":"product","2":"type-product","3":"status-publish","5":"product_cat-e","6":"pa_packungsgroesse-30-stueck","8":"first","9":"instock","10":"shipping-taxable","11":"purchasable","12":"product-type-simple"},"acf":[],"_links":{"self":[{"href":"https:\/\/www.hirtenberg-apotheke.at\/katalog\/wp-json\/wp\/v2\/product\/67343","targetHints":{"allow":["GET"]}}],"collection":[{"href":"https:\/\/www.hirtenberg-apotheke.at\/katalog\/wp-json\/wp\/v2\/product"}],"about":[{"href":"https:\/\/www.hirtenberg-apotheke.at\/katalog\/wp-json\/wp\/v2\/types\/product"}],"wp:attachment":[{"href":"https:\/\/www.hirtenberg-apotheke.at\/katalog\/wp-json\/wp\/v2\/media?parent=67343"}],"wp:term":[{"taxonomy":"product_brand","embeddable":true,"href":"https:\/\/www.hirtenberg-apotheke.at\/katalog\/wp-json\/wp\/v2\/product_brand?post=67343"},{"taxonomy":"product_cat","embeddable":true,"href":"https:\/\/www.hirtenberg-apotheke.at\/katalog\/wp-json\/wp\/v2\/product_cat?post=67343"},{"taxonomy":"product_tag","embeddable":true,"href":"https:\/\/www.hirtenberg-apotheke.at\/katalog\/wp-json\/wp\/v2\/product_tag?post=67343"}],"curies":[{"name":"wp","href":"https:\/\/api.w.org\/{rel}","templated":true}]}}