{"id":67367,"date":"2025-11-26T23:23:02","date_gmt":"2025-11-26T22:23:02","guid":{"rendered":"https:\/\/www.hirtenberg-apotheke.at\/katalog\/produkt\/omniflora-kapseln-darmregulans\/"},"modified":"2025-11-26T23:23:09","modified_gmt":"2025-11-26T22:23:09","slug":"omniflora-kapseln-darmregulans","status":"publish","type":"product","link":"https:\/\/www.hirtenberg-apotheke.at\/katalog\/produkt\/omniflora-kapseln-darmregulans\/","title":{"rendered":"Omniflora Kapseln Darmregulans"},"content":{"rendered":"<p>Omniflora wird angewendet als unterst\u00fctzende Behandlung von Erkrankungen des D\u00fcnndarms oder Dickdarms, die mit Durchfall, Bl\u00e4hungen oder auch Verstopfung einhergehen sowie zur Unterst\u00fctzung des Wiederaufbaus der Darmflora (z.B. nach Antibiotikabehandlung).<\/p>\n","protected":false},"excerpt":{"rendered":"<p>Omniflora wird angewendet als unterst\u00fctzende Behandlung von Erkrankungen des D\u00fcnndarms oder Dickdarms, die mit Durchfall, Bl\u00e4hungen oder auch Verstopfung einhergehen sowie zur Unterst\u00fctzung des Wiederaufbaus der Darmflora (z.B. nach Antibiotikabehandlung).<\/p>\n","protected":false},"featured_media":67369,"template":"","meta":{"_acf_changed":false},"product_brand":[],"product_cat":[349],"product_tag":[],"class_list":{"0":"post-67367","1":"product","2":"type-product","3":"status-publish","4":"has-post-thumbnail","6":"product_cat-o","7":"pa_packungsgroesse-30-stueck","9":"first","10":"instock","11":"shipping-taxable","12":"purchasable","13":"product-type-simple"},"acf":[],"_links":{"self":[{"href":"https:\/\/www.hirtenberg-apotheke.at\/katalog\/wp-json\/wp\/v2\/product\/67367","targetHints":{"allow":["GET"]}}],"collection":[{"href":"https:\/\/www.hirtenberg-apotheke.at\/katalog\/wp-json\/wp\/v2\/product"}],"about":[{"href":"https:\/\/www.hirtenberg-apotheke.at\/katalog\/wp-json\/wp\/v2\/types\/product"}],"wp:featuredmedia":[{"embeddable":true,"href":"https:\/\/www.hirtenberg-apotheke.at\/katalog\/wp-json\/wp\/v2\/media\/67369"}],"wp:attachment":[{"href":"https:\/\/www.hirtenberg-apotheke.at\/katalog\/wp-json\/wp\/v2\/media?parent=67367"}],"wp:term":[{"taxonomy":"product_brand","embeddable":true,"href":"https:\/\/www.hirtenberg-apotheke.at\/katalog\/wp-json\/wp\/v2\/product_brand?post=67367"},{"taxonomy":"product_cat","embeddable":true,"href":"https:\/\/www.hirtenberg-apotheke.at\/katalog\/wp-json\/wp\/v2\/product_cat?post=67367"},{"taxonomy":"product_tag","embeddable":true,"href":"https:\/\/www.hirtenberg-apotheke.at\/katalog\/wp-json\/wp\/v2\/product_tag?post=67367"}],"curies":[{"name":"wp","href":"https:\/\/api.w.org\/{rel}","templated":true}]}}