{"id":67392,"date":"2025-11-26T23:23:37","date_gmt":"2025-11-26T22:23:37","guid":{"rendered":"https:\/\/www.hirtenberg-apotheke.at\/katalog\/produkt\/talcid-kautabletten\/"},"modified":"2025-11-26T23:24:09","modified_gmt":"2025-11-26T22:24:09","slug":"talcid-kautabletten","status":"publish","type":"product","link":"https:\/\/www.hirtenberg-apotheke.at\/katalog\/produkt\/talcid-kautabletten\/","title":{"rendered":"Talcid Kautabletten"},"content":{"rendered":"<p>Eine \u00fcberm\u00e4\u00dfige Aktivit\u00e4t von Magens\u00e4ure und Pepsin (ein Verdauungsenzym, das der Eiwei\u00dfaufspaltung dient) kann zu Magendruck, S\u00e4urebeschwerden und Magenschleimhautsch\u00e4digungen f\u00fchren. Talcid schafft f\u00fcr l\u00e4ngere Zeit normale S\u00e4ureverh\u00e4ltnisse durch eine rasche und anhaltende Bindung \u00fcbersch\u00fcssiger Magens\u00e4ure. Dadurch stellt Talcid das S\u00e4uremilieu im Magen auf den optimalen Bereich (pH 3 &#8211; 5) ein.<\/p>\n","protected":false},"excerpt":{"rendered":"<p>Eine \u00fcberm\u00e4\u00dfige Aktivit\u00e4t von Magens\u00e4ure und Pepsin (ein Verdauungsenzym, das der Eiwei\u00dfaufspaltung dient) kann zu Magendruck, S\u00e4urebeschwerden und Magenschleimhautsch\u00e4digungen f\u00fchren. Talcid schafft f\u00fcr l\u00e4ngere Zeit normale S\u00e4ureverh\u00e4ltnisse durch eine rasche und anhaltende Bindung \u00fcbersch\u00fcssiger Magens\u00e4ure. Dadurch stellt Talcid das S\u00e4uremilieu im Magen auf den optimalen Bereich (pH 3 &#8211; 5) ein.<\/p>\n","protected":false},"featured_media":0,"template":"","meta":{"_acf_changed":false},"product_brand":[],"product_cat":[319],"product_tag":[],"class_list":{"0":"post-67392","1":"product","2":"type-product","3":"status-publish","5":"product_cat-t","6":"pa_packungsgroesse-50-stueck","7":"pa_packungsgroesse-20-stueck","9":"first","10":"instock","11":"shipping-taxable","12":"purchasable","13":"product-type-variable"},"acf":[],"_links":{"self":[{"href":"https:\/\/www.hirtenberg-apotheke.at\/katalog\/wp-json\/wp\/v2\/product\/67392","targetHints":{"allow":["GET"]}}],"collection":[{"href":"https:\/\/www.hirtenberg-apotheke.at\/katalog\/wp-json\/wp\/v2\/product"}],"about":[{"href":"https:\/\/www.hirtenberg-apotheke.at\/katalog\/wp-json\/wp\/v2\/types\/product"}],"wp:attachment":[{"href":"https:\/\/www.hirtenberg-apotheke.at\/katalog\/wp-json\/wp\/v2\/media?parent=67392"}],"wp:term":[{"taxonomy":"product_brand","embeddable":true,"href":"https:\/\/www.hirtenberg-apotheke.at\/katalog\/wp-json\/wp\/v2\/product_brand?post=67392"},{"taxonomy":"product_cat","embeddable":true,"href":"https:\/\/www.hirtenberg-apotheke.at\/katalog\/wp-json\/wp\/v2\/product_cat?post=67392"},{"taxonomy":"product_tag","embeddable":true,"href":"https:\/\/www.hirtenberg-apotheke.at\/katalog\/wp-json\/wp\/v2\/product_tag?post=67392"}],"curies":[{"name":"wp","href":"https:\/\/api.w.org\/{rel}","templated":true}]}}