{"id":67425,"date":"2025-11-26T23:25:07","date_gmt":"2025-11-26T22:25:07","guid":{"rendered":"https:\/\/www.hirtenberg-apotheke.at\/katalog\/produkt\/riviera-schwedenbitter-original-lm\/"},"modified":"2025-11-26T23:25:31","modified_gmt":"2025-11-26T22:25:31","slug":"riviera-schwedenbitter-original-lm","status":"publish","type":"product","link":"https:\/\/www.hirtenberg-apotheke.at\/katalog\/produkt\/riviera-schwedenbitter-original-lm\/","title":{"rendered":"Riviera Schwedenbitter Original LM"},"content":{"rendered":"<p>Original Schwedenbitter Riviera ist ein traditionelles pflanzliches Arzneimittel mit Ausz\u00fcgen aus 13 erlesenen Kr\u00e4utern zur Anwendung bei leichten Verdauungsbeschwerden wie V\u00f6llegef\u00fchl, Bl\u00e4hungen und Appetitlosigkeit.<\/p>\n","protected":false},"excerpt":{"rendered":"<p>Original Schwedenbitter Riviera ist ein traditionelles pflanzliches Arzneimittel mit Ausz\u00fcgen aus 13 erlesenen Kr\u00e4utern zur Anwendung bei leichten Verdauungsbeschwerden wie V\u00f6llegef\u00fchl, Bl\u00e4hungen und Appetitlosigkeit.<\/p>\n","protected":false},"featured_media":67427,"template":"","meta":{"_acf_changed":false},"product_brand":[467],"product_cat":[311],"product_tag":[],"class_list":{"0":"post-67425","1":"product","2":"type-product","3":"status-publish","4":"has-post-thumbnail","6":"product_brand-riviera","7":"product_cat-r","8":"pa_packungsgroesse-1l","9":"pa_packungsgroesse-500ml","11":"first","12":"instock","13":"shipping-taxable","14":"purchasable","15":"product-type-simple"},"acf":[],"_links":{"self":[{"href":"https:\/\/www.hirtenberg-apotheke.at\/katalog\/wp-json\/wp\/v2\/product\/67425","targetHints":{"allow":["GET"]}}],"collection":[{"href":"https:\/\/www.hirtenberg-apotheke.at\/katalog\/wp-json\/wp\/v2\/product"}],"about":[{"href":"https:\/\/www.hirtenberg-apotheke.at\/katalog\/wp-json\/wp\/v2\/types\/product"}],"wp:featuredmedia":[{"embeddable":true,"href":"https:\/\/www.hirtenberg-apotheke.at\/katalog\/wp-json\/wp\/v2\/media\/67427"}],"wp:attachment":[{"href":"https:\/\/www.hirtenberg-apotheke.at\/katalog\/wp-json\/wp\/v2\/media?parent=67425"}],"wp:term":[{"taxonomy":"product_brand","embeddable":true,"href":"https:\/\/www.hirtenberg-apotheke.at\/katalog\/wp-json\/wp\/v2\/product_brand?post=67425"},{"taxonomy":"product_cat","embeddable":true,"href":"https:\/\/www.hirtenberg-apotheke.at\/katalog\/wp-json\/wp\/v2\/product_cat?post=67425"},{"taxonomy":"product_tag","embeddable":true,"href":"https:\/\/www.hirtenberg-apotheke.at\/katalog\/wp-json\/wp\/v2\/product_tag?post=67425"}],"curies":[{"name":"wp","href":"https:\/\/api.w.org\/{rel}","templated":true}]}}