{"id":67504,"date":"2025-11-26T23:26:54","date_gmt":"2025-11-26T22:26:54","guid":{"rendered":"https:\/\/www.hirtenberg-apotheke.at\/katalog\/produkt\/chlorophyll-dragees\/"},"modified":"2025-11-26T23:27:17","modified_gmt":"2025-11-26T22:27:17","slug":"chlorophyll-dragees","status":"publish","type":"product","link":"https:\/\/www.hirtenberg-apotheke.at\/katalog\/produkt\/chlorophyll-dragees\/","title":{"rendered":"Chlorophyll Dragees"},"content":{"rendered":"<p>Chlorophyll Dragees sind ein Nahrungserg\u00e4nzungsmittel mit Chlorophyll aus Pflanzen. Diese Dragees sind besonders n\u00fctzlich bei unangenehmem Mund- und K\u00f6rpergeruch. Setzen Sie diesen unangenehmen Ger\u00fcchen mit diesen Dragees ein Ende.<\/p>\n","protected":false},"excerpt":{"rendered":"<p>Chlorophyll Dragees sind ein Nahrungserg\u00e4nzungsmittel mit Chlorophyll aus Pflanzen. Diese Dragees sind besonders n\u00fctzlich bei unangenehmem Mund- und K\u00f6rpergeruch. Setzen Sie diesen unangenehmen Ger\u00fcchen mit diesen Dragees ein Ende.<\/p>\n","protected":false},"featured_media":0,"template":"","meta":{"_acf_changed":false},"product_brand":[],"product_cat":[337],"product_tag":[],"class_list":{"0":"post-67504","1":"product","2":"type-product","3":"status-publish","5":"product_cat-c","6":"pa_packungsgroesse-40-stueck","8":"first","9":"instock","10":"shipping-taxable","11":"purchasable","12":"product-type-simple"},"acf":[],"_links":{"self":[{"href":"https:\/\/www.hirtenberg-apotheke.at\/katalog\/wp-json\/wp\/v2\/product\/67504","targetHints":{"allow":["GET"]}}],"collection":[{"href":"https:\/\/www.hirtenberg-apotheke.at\/katalog\/wp-json\/wp\/v2\/product"}],"about":[{"href":"https:\/\/www.hirtenberg-apotheke.at\/katalog\/wp-json\/wp\/v2\/types\/product"}],"wp:attachment":[{"href":"https:\/\/www.hirtenberg-apotheke.at\/katalog\/wp-json\/wp\/v2\/media?parent=67504"}],"wp:term":[{"taxonomy":"product_brand","embeddable":true,"href":"https:\/\/www.hirtenberg-apotheke.at\/katalog\/wp-json\/wp\/v2\/product_brand?post=67504"},{"taxonomy":"product_cat","embeddable":true,"href":"https:\/\/www.hirtenberg-apotheke.at\/katalog\/wp-json\/wp\/v2\/product_cat?post=67504"},{"taxonomy":"product_tag","embeddable":true,"href":"https:\/\/www.hirtenberg-apotheke.at\/katalog\/wp-json\/wp\/v2\/product_tag?post=67504"}],"curies":[{"name":"wp","href":"https:\/\/api.w.org\/{rel}","templated":true}]}}