{"id":67511,"date":"2025-11-26T23:26:54","date_gmt":"2025-11-26T22:26:54","guid":{"rendered":"https:\/\/www.hirtenberg-apotheke.at\/katalog\/produkt\/zymafluor-tabletten-025-mg\/"},"modified":"2025-11-26T23:27:30","modified_gmt":"2025-11-26T22:27:30","slug":"zymafluor-tabletten-025-mg","status":"publish","type":"product","link":"https:\/\/www.hirtenberg-apotheke.at\/katalog\/produkt\/zymafluor-tabletten-025-mg\/","title":{"rendered":"Zymafluor Tabletten 0,25 mg"},"content":{"rendered":"<p>Zymafluor Tabletten werden zur Vorbeugung von Karies bei Kindern und Erwachsenen angewendet. Der Zahnschmelz wird gest\u00e4rkt und die Z\u00e4hne werden widerstandsf\u00e4higer gegen kariesverursachende Bakterien und S\u00e4ureangriff.<\/p>\n","protected":false},"excerpt":{"rendered":"<p>Zymafluor Tabletten werden zur Vorbeugung von Karies bei Kindern und Erwachsenen angewendet. Der Zahnschmelz wird gest\u00e4rkt und die Z\u00e4hne werden widerstandsf\u00e4higer gegen kariesverursachende Bakterien und S\u00e4ureangriff.<\/p>\n","protected":false},"featured_media":67513,"template":"","meta":{"_acf_changed":false},"product_brand":[],"product_cat":[325],"product_tag":[],"class_list":{"0":"post-67511","1":"product","2":"type-product","3":"status-publish","4":"has-post-thumbnail","6":"product_cat-z","7":"pa_packungsgroesse-300-stueck","9":"first","10":"instock","11":"shipping-taxable","12":"purchasable","13":"product-type-simple"},"acf":[],"_links":{"self":[{"href":"https:\/\/www.hirtenberg-apotheke.at\/katalog\/wp-json\/wp\/v2\/product\/67511","targetHints":{"allow":["GET"]}}],"collection":[{"href":"https:\/\/www.hirtenberg-apotheke.at\/katalog\/wp-json\/wp\/v2\/product"}],"about":[{"href":"https:\/\/www.hirtenberg-apotheke.at\/katalog\/wp-json\/wp\/v2\/types\/product"}],"wp:featuredmedia":[{"embeddable":true,"href":"https:\/\/www.hirtenberg-apotheke.at\/katalog\/wp-json\/wp\/v2\/media\/67513"}],"wp:attachment":[{"href":"https:\/\/www.hirtenberg-apotheke.at\/katalog\/wp-json\/wp\/v2\/media?parent=67511"}],"wp:term":[{"taxonomy":"product_brand","embeddable":true,"href":"https:\/\/www.hirtenberg-apotheke.at\/katalog\/wp-json\/wp\/v2\/product_brand?post=67511"},{"taxonomy":"product_cat","embeddable":true,"href":"https:\/\/www.hirtenberg-apotheke.at\/katalog\/wp-json\/wp\/v2\/product_cat?post=67511"},{"taxonomy":"product_tag","embeddable":true,"href":"https:\/\/www.hirtenberg-apotheke.at\/katalog\/wp-json\/wp\/v2\/product_tag?post=67511"}],"curies":[{"name":"wp","href":"https:\/\/api.w.org\/{rel}","templated":true}]}}