{"id":67520,"date":"2025-11-26T23:27:30","date_gmt":"2025-11-26T22:27:30","guid":{"rendered":"https:\/\/www.hirtenberg-apotheke.at\/katalog\/produkt\/dequonal-loesung-zum-gurgeln\/"},"modified":"2025-11-26T23:27:44","modified_gmt":"2025-11-26T22:27:44","slug":"dequonal-loesung-zum-gurgeln","status":"publish","type":"product","link":"https:\/\/www.hirtenberg-apotheke.at\/katalog\/produkt\/dequonal-loesung-zum-gurgeln\/","title":{"rendered":"Dequonal L\u00f6sung zum Gurgeln"},"content":{"rendered":"<p>Dequonal\u00ae L\u00f6sung zum Gurgeln enth\u00e4lt als Wirkstoffe Dequaliniumchlorid und Benzalkoniumchlorid. Es ist ein gebrauchsfertiges Arzneimittel zur Desinfektion von Mund und Rachen und braucht nicht verd\u00fcnnt zu werden. Die ungef\u00e4rbte, wasserklare L\u00f6sung wird in der Mundh\u00f6hle zum Gurgeln, Sp\u00fclen oder als Spray angewendet.<\/p>\n","protected":false},"excerpt":{"rendered":"<p>Dequonal\u00ae L\u00f6sung zum Gurgeln enth\u00e4lt als Wirkstoffe Dequaliniumchlorid und Benzalkoniumchlorid. Es ist ein gebrauchsfertiges Arzneimittel zur Desinfektion von Mund und Rachen und braucht nicht verd\u00fcnnt zu werden. Die ungef\u00e4rbte, wasserklare L\u00f6sung wird in der Mundh\u00f6hle zum Gurgeln, Sp\u00fclen oder als Spray angewendet.<\/p>\n","protected":false},"featured_media":67522,"template":"","meta":{"_acf_changed":false},"product_brand":[],"product_cat":[295],"product_tag":[],"class_list":{"0":"post-67520","1":"product","2":"type-product","3":"status-publish","4":"has-post-thumbnail","6":"product_cat-d","7":"pa_packungsgroesse-200ml","9":"first","10":"instock","11":"shipping-taxable","12":"purchasable","13":"product-type-simple"},"acf":[],"_links":{"self":[{"href":"https:\/\/www.hirtenberg-apotheke.at\/katalog\/wp-json\/wp\/v2\/product\/67520","targetHints":{"allow":["GET"]}}],"collection":[{"href":"https:\/\/www.hirtenberg-apotheke.at\/katalog\/wp-json\/wp\/v2\/product"}],"about":[{"href":"https:\/\/www.hirtenberg-apotheke.at\/katalog\/wp-json\/wp\/v2\/types\/product"}],"wp:featuredmedia":[{"embeddable":true,"href":"https:\/\/www.hirtenberg-apotheke.at\/katalog\/wp-json\/wp\/v2\/media\/67522"}],"wp:attachment":[{"href":"https:\/\/www.hirtenberg-apotheke.at\/katalog\/wp-json\/wp\/v2\/media?parent=67520"}],"wp:term":[{"taxonomy":"product_brand","embeddable":true,"href":"https:\/\/www.hirtenberg-apotheke.at\/katalog\/wp-json\/wp\/v2\/product_brand?post=67520"},{"taxonomy":"product_cat","embeddable":true,"href":"https:\/\/www.hirtenberg-apotheke.at\/katalog\/wp-json\/wp\/v2\/product_cat?post=67520"},{"taxonomy":"product_tag","embeddable":true,"href":"https:\/\/www.hirtenberg-apotheke.at\/katalog\/wp-json\/wp\/v2\/product_tag?post=67520"}],"curies":[{"name":"wp","href":"https:\/\/api.w.org\/{rel}","templated":true}]}}