{"id":67544,"date":"2025-11-26T23:28:00","date_gmt":"2025-11-26T22:28:00","guid":{"rendered":"https:\/\/www.hirtenberg-apotheke.at\/katalog\/produkt\/bony-plus-reparfix-sos-reparatur-set\/"},"modified":"2025-11-26T23:28:23","modified_gmt":"2025-11-26T22:28:23","slug":"bony-plus-reparfix-sos-reparatur-set","status":"publish","type":"product","link":"https:\/\/www.hirtenberg-apotheke.at\/katalog\/produkt\/bony-plus-reparfix-sos-reparatur-set\/","title":{"rendered":"Bony Plus Reparfix SOS Reparatur-Set"},"content":{"rendered":"<p>Wenn pl\u00f6tzlich die Prothese bricht!Wer den Bruch einer Zahnprothese erlebt hat, wei\u00df, wie unangenehm diese Situation ist. Passiert es am Wochenende, im Urlaub oder vor einem wichtigen Termin, dann ist die Not gro\u00df. Wenn der Zahnarzt des Vertrauens nicht in der N\u00e4he ist, dann hilft im Notfall das Reparatur-Set von BonyPlus.Anwendbar bei den unterschiedlichsten Br\u00fcchenWarum brechen ZahnprothesenDie enorme Belastung beim Kauen sowie der schlechte Sitz einer Zahnprothese, hervorgerufen durch Ver\u00e4nderungen des Ober- oder Unterkiefers, beg\u00fcnstigen den Bruch einer Zahnprothese. Ohne handwerkliches GeschickSo k\u00f6nnen Sie mit dem Reparatur-Set von BonyPlus in k\u00fcrzester Zeit Br\u00fcche, Spr\u00fcnge oder aus der Zahnprothese herausgebrochene Kunstz\u00e4hne selbst reparieren. Wenn der Zahnarzt Ihres Vertrauens weit weg istDas Reparatur-Set von BonyPlus in der Reiseapotheke gibt Ihnen die n\u00f6tige Sicherheit. Sie brauchen daher nicht mehr bef\u00fcrchten, ein Wochenende ohne Zahnprothese verbringen zu m\u00fcssen. Auch immer mehr Zahn\u00e4rzte bieten als neue Serviceleistung die Sofortreparatur mit dem Reparatur-Set von BonyPlus an.<\/p>\n","protected":false},"excerpt":{"rendered":"<p>Wenn pl\u00f6tzlich die Prothese bricht!Wer den Bruch einer Zahnprothese erlebt hat, wei\u00df, wie unangenehm diese Situation ist. Passiert es am Wochenende, im Urlaub oder vor einem wichtigen Termin, dann ist die Not gro\u00df. Wenn der Zahnarzt des Vertrauens nicht in der N\u00e4he ist, dann hilft im Notfall das Reparatur-Set von BonyPlus.Anwendbar bei den unterschiedlichsten Br\u00fcchenWarum [&hellip;]<\/p>\n","protected":false},"featured_media":67546,"template":"","meta":{"_acf_changed":false},"product_brand":[],"product_cat":[292],"product_tag":[],"class_list":{"0":"post-67544","1":"product","2":"type-product","3":"status-publish","4":"has-post-thumbnail","6":"product_cat-b","7":"pa_packungsgroesse-1-stueck","9":"first","10":"instock","11":"shipping-taxable","12":"purchasable","13":"product-type-simple"},"acf":[],"_links":{"self":[{"href":"https:\/\/www.hirtenberg-apotheke.at\/katalog\/wp-json\/wp\/v2\/product\/67544","targetHints":{"allow":["GET"]}}],"collection":[{"href":"https:\/\/www.hirtenberg-apotheke.at\/katalog\/wp-json\/wp\/v2\/product"}],"about":[{"href":"https:\/\/www.hirtenberg-apotheke.at\/katalog\/wp-json\/wp\/v2\/types\/product"}],"wp:featuredmedia":[{"embeddable":true,"href":"https:\/\/www.hirtenberg-apotheke.at\/katalog\/wp-json\/wp\/v2\/media\/67546"}],"wp:attachment":[{"href":"https:\/\/www.hirtenberg-apotheke.at\/katalog\/wp-json\/wp\/v2\/media?parent=67544"}],"wp:term":[{"taxonomy":"product_brand","embeddable":true,"href":"https:\/\/www.hirtenberg-apotheke.at\/katalog\/wp-json\/wp\/v2\/product_brand?post=67544"},{"taxonomy":"product_cat","embeddable":true,"href":"https:\/\/www.hirtenberg-apotheke.at\/katalog\/wp-json\/wp\/v2\/product_cat?post=67544"},{"taxonomy":"product_tag","embeddable":true,"href":"https:\/\/www.hirtenberg-apotheke.at\/katalog\/wp-json\/wp\/v2\/product_tag?post=67544"}],"curies":[{"name":"wp","href":"https:\/\/api.w.org\/{rel}","templated":true}]}}