{"id":6758,"date":"2025-11-25T13:19:46","date_gmt":"2025-11-25T12:19:46","guid":{"rendered":"https:\/\/www.hirtenberg-apotheke.at\/katalog\/produkt\/ratiopharm-valeriana-night-kapseln-mit-melatonin-30-stk\/"},"modified":"2025-11-25T13:20:25","modified_gmt":"2025-11-25T12:20:25","slug":"ratiopharm-valeriana-night-kapseln-mit-melatonin-30-stk","status":"publish","type":"product","link":"https:\/\/www.hirtenberg-apotheke.at\/katalog\/produkt\/ratiopharm-valeriana-night-kapseln-mit-melatonin-30-stk\/","title":{"rendered":"Ratiopharm VALERIANA NIGHT Kapseln mit Melatonin &#8211; 30 Stk"},"content":{"rendered":"<p>Valeriana NIGHT ratiopharm ist ein Nahrungserg\u00e4nzungsmittel mit Baldrian, Hopfen und Passionsblume, welches die k\u00f6rpereigene Substanz Melatonin enth\u00e4lt. Diese steuert den Tag Nacht-Rhythmus unseres K\u00f6rpers und unsere spezielle Melatonin Einschlafformel tr\u00e4gt zus\u00e4tzlich zu einem entspannten und erholsamen Schlaf bei. Auch leichte Stresssymptome werden reduziert und die Einschlafzeit wird verk\u00fcrzt.<\/p>\n","protected":false},"excerpt":{"rendered":"<p>Valeriana NIGHT ratiopharm ist ein Nahrungserg\u00e4nzungsmittel mit Baldrian, Hopfen und Passionsblume, welches die k\u00f6rpereigene Substanz Melatonin enth\u00e4lt. Diese steuert den Tag Nacht-Rhythmus unseres K\u00f6rpers und unsere spezielle Melatonin Einschlafformel tr\u00e4gt zus\u00e4tzlich zu einem entspannten und erholsamen Schlaf bei. Auch leichte Stresssymptome werden reduziert und die Einschlafzeit wird verk\u00fcrzt.<\/p>\n","protected":false},"featured_media":6760,"template":"","meta":{"_acf_changed":false},"product_brand":[339],"product_cat":[311],"product_tag":[],"class_list":{"0":"post-6758","1":"product","2":"type-product","3":"status-publish","4":"has-post-thumbnail","6":"product_brand-ratiopharm","7":"product_cat-r","8":"pa_packungsgroesse-30-stueck","10":"first","11":"instock","12":"shipping-taxable","13":"purchasable","14":"product-type-simple"},"acf":[],"_links":{"self":[{"href":"https:\/\/www.hirtenberg-apotheke.at\/katalog\/wp-json\/wp\/v2\/product\/6758","targetHints":{"allow":["GET"]}}],"collection":[{"href":"https:\/\/www.hirtenberg-apotheke.at\/katalog\/wp-json\/wp\/v2\/product"}],"about":[{"href":"https:\/\/www.hirtenberg-apotheke.at\/katalog\/wp-json\/wp\/v2\/types\/product"}],"wp:featuredmedia":[{"embeddable":true,"href":"https:\/\/www.hirtenberg-apotheke.at\/katalog\/wp-json\/wp\/v2\/media\/6760"}],"wp:attachment":[{"href":"https:\/\/www.hirtenberg-apotheke.at\/katalog\/wp-json\/wp\/v2\/media?parent=6758"}],"wp:term":[{"taxonomy":"product_brand","embeddable":true,"href":"https:\/\/www.hirtenberg-apotheke.at\/katalog\/wp-json\/wp\/v2\/product_brand?post=6758"},{"taxonomy":"product_cat","embeddable":true,"href":"https:\/\/www.hirtenberg-apotheke.at\/katalog\/wp-json\/wp\/v2\/product_cat?post=6758"},{"taxonomy":"product_tag","embeddable":true,"href":"https:\/\/www.hirtenberg-apotheke.at\/katalog\/wp-json\/wp\/v2\/product_tag?post=6758"}],"curies":[{"name":"wp","href":"https:\/\/api.w.org\/{rel}","templated":true}]}}