{"id":67625,"date":"2025-11-26T23:30:28","date_gmt":"2025-11-26T22:30:28","guid":{"rendered":"https:\/\/www.hirtenberg-apotheke.at\/katalog\/produkt\/similasan-tropfen-gegen-kreislaufbeschwerden\/"},"modified":"2025-11-26T23:30:34","modified_gmt":"2025-11-26T22:30:34","slug":"similasan-tropfen-gegen-kreislaufbeschwerden","status":"publish","type":"product","link":"https:\/\/www.hirtenberg-apotheke.at\/katalog\/produkt\/similasan-tropfen-gegen-kreislaufbeschwerden\/","title":{"rendered":"Similasan Tropfen gegen Kreislaufbeschwerden"},"content":{"rendered":"<p>Tropfen gegen Kreislaufbeschwerden \u201eSimilasan\u201c sind ein hom\u00f6opathisches Arzneimittel. Die Hom\u00f6opathie versteht sich als Regulationstherapie bei akuten und chronischen Krankheiten. Die Anwendungsgebiete leiten sich von den hom\u00f6opathischen Arzneimittelbildern ab. Dazu geh\u00f6ren Kreislaufst\u00f6rungen mit Schwindel, Benommenheit des Kopfes, Ohrger\u00e4uschen, Konzentrationsschw\u00e4che, Kreislaufbedingten Kopfschmerzen, Frieren oder Hitzewallungen, Neigung zu Kreislaufkollaps, Unruhe sowie Kreislaufschw\u00e4che infolge mangelndem Gef\u00e4\u00df- und Herzmuskeltonus.<\/p>\n","protected":false},"excerpt":{"rendered":"<p>Tropfen gegen Kreislaufbeschwerden \u201eSimilasan\u201c sind ein hom\u00f6opathisches Arzneimittel. Die Hom\u00f6opathie versteht sich als Regulationstherapie bei akuten und chronischen Krankheiten. Die Anwendungsgebiete leiten sich von den hom\u00f6opathischen Arzneimittelbildern ab. Dazu geh\u00f6ren Kreislaufst\u00f6rungen mit Schwindel, Benommenheit des Kopfes, Ohrger\u00e4uschen, Konzentrationsschw\u00e4che, Kreislaufbedingten Kopfschmerzen, Frieren oder Hitzewallungen, Neigung zu Kreislaufkollaps, Unruhe sowie Kreislaufschw\u00e4che infolge mangelndem Gef\u00e4\u00df- und Herzmuskeltonus.<\/p>\n","protected":false},"featured_media":67627,"template":"","meta":{"_acf_changed":false},"product_brand":[925],"product_cat":[303],"product_tag":[],"class_list":{"0":"post-67625","1":"product","2":"type-product","3":"status-publish","4":"has-post-thumbnail","6":"product_brand-similasan","7":"product_cat-s","8":"pa_packungsgroesse-50ml","10":"first","11":"instock","12":"shipping-taxable","13":"purchasable","14":"product-type-simple"},"acf":[],"_links":{"self":[{"href":"https:\/\/www.hirtenberg-apotheke.at\/katalog\/wp-json\/wp\/v2\/product\/67625","targetHints":{"allow":["GET"]}}],"collection":[{"href":"https:\/\/www.hirtenberg-apotheke.at\/katalog\/wp-json\/wp\/v2\/product"}],"about":[{"href":"https:\/\/www.hirtenberg-apotheke.at\/katalog\/wp-json\/wp\/v2\/types\/product"}],"wp:featuredmedia":[{"embeddable":true,"href":"https:\/\/www.hirtenberg-apotheke.at\/katalog\/wp-json\/wp\/v2\/media\/67627"}],"wp:attachment":[{"href":"https:\/\/www.hirtenberg-apotheke.at\/katalog\/wp-json\/wp\/v2\/media?parent=67625"}],"wp:term":[{"taxonomy":"product_brand","embeddable":true,"href":"https:\/\/www.hirtenberg-apotheke.at\/katalog\/wp-json\/wp\/v2\/product_brand?post=67625"},{"taxonomy":"product_cat","embeddable":true,"href":"https:\/\/www.hirtenberg-apotheke.at\/katalog\/wp-json\/wp\/v2\/product_cat?post=67625"},{"taxonomy":"product_tag","embeddable":true,"href":"https:\/\/www.hirtenberg-apotheke.at\/katalog\/wp-json\/wp\/v2\/product_tag?post=67625"}],"curies":[{"name":"wp","href":"https:\/\/api.w.org\/{rel}","templated":true}]}}