{"id":67656,"date":"2025-11-26T23:31:04","date_gmt":"2025-11-26T22:31:04","guid":{"rendered":"https:\/\/www.hirtenberg-apotheke.at\/katalog\/produkt\/apozema-tropfen-nr-18-herz-kreislauf-50-ml\/"},"modified":"2025-11-26T23:31:27","modified_gmt":"2025-11-26T22:31:27","slug":"apozema-tropfen-nr-18-herz-kreislauf-50-ml","status":"publish","type":"product","link":"https:\/\/www.hirtenberg-apotheke.at\/katalog\/produkt\/apozema-tropfen-nr-18-herz-kreislauf-50-ml\/","title":{"rendered":"Apozema Tropfen Nr. 18 Herz\/Kreislauf 50 ml"},"content":{"rendered":"<p>APOZEMA Herz- und Kreislauf-Tropfen Nr. 18 von APOMEDICA regen die Selbstheilungskr\u00e4fte gem\u00e4\u00df dem hom\u00f6opathischen Arzneimittelbild bei leichten Herzbeschwerden und Kreislaufst\u00f6rungen sowie bei Kollapsneigung, Schwindelzust\u00e4nden, Atemnot und Herzangst an.<\/p>\n","protected":false},"excerpt":{"rendered":"<p>APOZEMA Herz- und Kreislauf-Tropfen Nr. 18 von APOMEDICA regen die Selbstheilungskr\u00e4fte gem\u00e4\u00df dem hom\u00f6opathischen Arzneimittelbild bei leichten Herzbeschwerden und Kreislaufst\u00f6rungen sowie bei Kollapsneigung, Schwindelzust\u00e4nden, Atemnot und Herzangst an.<\/p>\n","protected":false},"featured_media":67658,"template":"","meta":{"_acf_changed":false},"product_brand":[927],"product_cat":[299],"product_tag":[],"class_list":{"0":"post-67656","1":"product","2":"type-product","3":"status-publish","4":"has-post-thumbnail","6":"product_brand-apozema","7":"product_cat-a","8":"pa_packungsgroesse-50ml","10":"first","11":"instock","12":"shipping-taxable","13":"purchasable","14":"product-type-simple"},"acf":[],"_links":{"self":[{"href":"https:\/\/www.hirtenberg-apotheke.at\/katalog\/wp-json\/wp\/v2\/product\/67656","targetHints":{"allow":["GET"]}}],"collection":[{"href":"https:\/\/www.hirtenberg-apotheke.at\/katalog\/wp-json\/wp\/v2\/product"}],"about":[{"href":"https:\/\/www.hirtenberg-apotheke.at\/katalog\/wp-json\/wp\/v2\/types\/product"}],"wp:featuredmedia":[{"embeddable":true,"href":"https:\/\/www.hirtenberg-apotheke.at\/katalog\/wp-json\/wp\/v2\/media\/67658"}],"wp:attachment":[{"href":"https:\/\/www.hirtenberg-apotheke.at\/katalog\/wp-json\/wp\/v2\/media?parent=67656"}],"wp:term":[{"taxonomy":"product_brand","embeddable":true,"href":"https:\/\/www.hirtenberg-apotheke.at\/katalog\/wp-json\/wp\/v2\/product_brand?post=67656"},{"taxonomy":"product_cat","embeddable":true,"href":"https:\/\/www.hirtenberg-apotheke.at\/katalog\/wp-json\/wp\/v2\/product_cat?post=67656"},{"taxonomy":"product_tag","embeddable":true,"href":"https:\/\/www.hirtenberg-apotheke.at\/katalog\/wp-json\/wp\/v2\/product_tag?post=67656"}],"curies":[{"name":"wp","href":"https:\/\/api.w.org\/{rel}","templated":true}]}}