{"id":67665,"date":"2025-11-26T23:31:04","date_gmt":"2025-11-26T22:31:04","guid":{"rendered":"https:\/\/www.hirtenberg-apotheke.at\/katalog\/produkt\/similasan-nerventropfen\/"},"modified":"2025-11-26T23:31:38","modified_gmt":"2025-11-26T22:31:38","slug":"similasan-nerventropfen","status":"publish","type":"product","link":"https:\/\/www.hirtenberg-apotheke.at\/katalog\/produkt\/similasan-nerventropfen\/","title":{"rendered":"Similasan Nerventropfen"},"content":{"rendered":"<p>Nerventropfen \u201eSimilasan\u201c sind ein hom\u00f6opathisches Arzneimittel. Die Hom\u00f6opathie versteht sich als Regulationstherapie bei akuten und chronischen Krankheiten. Die Anwendungsgebiete leiten sich von den hom\u00f6opathischen Arzneimittelbildern ab. Dazu geh\u00f6rt die unterst\u00fctzende Behandlung von: Innerer Unruhe mit Herzklopfen, Angstgef\u00fchlen, Erregtheit, innerem Zittern, W\u00fcrgegef\u00fchl im Brustraum und in der Kehle, neuro-vegetativen St\u00f6rungen mit Bl\u00e4hungen, Aufsto\u00dfen, W\u00fcrgen, Magen-Darm- Verkrampfungen, \u00c4ngstlichkeit, Verkrampftheit, nerv\u00f6sen Schlafst\u00f6rungen, oberfl\u00e4chlichem, unruhigem Schlaf, Einschlafst\u00f6rungen, n\u00e4chtlichem Herzklopfen, nerv\u00f6sen Herzbeschwerden, Herzunruhe, Herzklopfen und Kreislaufschw\u00e4che mit rascher Erm\u00fcdung, Schwindel.<\/p>\n","protected":false},"excerpt":{"rendered":"<p>Nerventropfen \u201eSimilasan\u201c sind ein hom\u00f6opathisches Arzneimittel. Die Hom\u00f6opathie versteht sich als Regulationstherapie bei akuten und chronischen Krankheiten. Die Anwendungsgebiete leiten sich von den hom\u00f6opathischen Arzneimittelbildern ab. Dazu geh\u00f6rt die unterst\u00fctzende Behandlung von: Innerer Unruhe mit Herzklopfen, Angstgef\u00fchlen, Erregtheit, innerem Zittern, W\u00fcrgegef\u00fchl im Brustraum und in der Kehle, neuro-vegetativen St\u00f6rungen mit Bl\u00e4hungen, Aufsto\u00dfen, W\u00fcrgen, Magen-Darm- Verkrampfungen, [&hellip;]<\/p>\n","protected":false},"featured_media":67667,"template":"","meta":{"_acf_changed":false},"product_brand":[925],"product_cat":[303],"product_tag":[],"class_list":{"0":"post-67665","1":"product","2":"type-product","3":"status-publish","4":"has-post-thumbnail","6":"product_brand-similasan","7":"product_cat-s","8":"pa_packungsgroesse-50ml","10":"first","11":"instock","12":"shipping-taxable","13":"purchasable","14":"product-type-simple"},"acf":[],"_links":{"self":[{"href":"https:\/\/www.hirtenberg-apotheke.at\/katalog\/wp-json\/wp\/v2\/product\/67665","targetHints":{"allow":["GET"]}}],"collection":[{"href":"https:\/\/www.hirtenberg-apotheke.at\/katalog\/wp-json\/wp\/v2\/product"}],"about":[{"href":"https:\/\/www.hirtenberg-apotheke.at\/katalog\/wp-json\/wp\/v2\/types\/product"}],"wp:featuredmedia":[{"embeddable":true,"href":"https:\/\/www.hirtenberg-apotheke.at\/katalog\/wp-json\/wp\/v2\/media\/67667"}],"wp:attachment":[{"href":"https:\/\/www.hirtenberg-apotheke.at\/katalog\/wp-json\/wp\/v2\/media?parent=67665"}],"wp:term":[{"taxonomy":"product_brand","embeddable":true,"href":"https:\/\/www.hirtenberg-apotheke.at\/katalog\/wp-json\/wp\/v2\/product_brand?post=67665"},{"taxonomy":"product_cat","embeddable":true,"href":"https:\/\/www.hirtenberg-apotheke.at\/katalog\/wp-json\/wp\/v2\/product_cat?post=67665"},{"taxonomy":"product_tag","embeddable":true,"href":"https:\/\/www.hirtenberg-apotheke.at\/katalog\/wp-json\/wp\/v2\/product_tag?post=67665"}],"curies":[{"name":"wp","href":"https:\/\/api.w.org\/{rel}","templated":true}]}}