{"id":67795,"date":"2025-11-26T23:34:42","date_gmt":"2025-11-26T22:34:42","guid":{"rendered":"https:\/\/www.hirtenberg-apotheke.at\/katalog\/produkt\/similasan-tropfen-gegen-nieren-blasen-beschwerden\/"},"modified":"2025-11-26T23:35:05","modified_gmt":"2025-11-26T22:35:05","slug":"similasan-tropfen-gegen-nieren-blasen-beschwerden","status":"publish","type":"product","link":"https:\/\/www.hirtenberg-apotheke.at\/katalog\/produkt\/similasan-tropfen-gegen-nieren-blasen-beschwerden\/","title":{"rendered":"Similasan Tropfen gegen Nieren-Blasen-Beschwerden"},"content":{"rendered":"<p>Similasan Tropfen gegen Nieren-Blasen-Beschwerden ist ein hom\u00f6opathisches Arzneimittel, das unterst\u00fctzend bei Beschwerden in der Nieren- und Blasengegend, wie zum Beispiel bei Schmerzen vor, w\u00e4hrend und nach dem Wasserlassen, wirkt.<\/p>\n","protected":false},"excerpt":{"rendered":"<p>Similasan Tropfen gegen Nieren-Blasen-Beschwerden ist ein hom\u00f6opathisches Arzneimittel, das unterst\u00fctzend bei Beschwerden in der Nieren- und Blasengegend, wie zum Beispiel bei Schmerzen vor, w\u00e4hrend und nach dem Wasserlassen, wirkt.<\/p>\n","protected":false},"featured_media":67797,"template":"","meta":{"_acf_changed":false},"product_brand":[925],"product_cat":[303],"product_tag":[],"class_list":{"0":"post-67795","1":"product","2":"type-product","3":"status-publish","4":"has-post-thumbnail","6":"product_brand-similasan","7":"product_cat-s","8":"pa_packungsgroesse-50ml","10":"first","11":"instock","12":"shipping-taxable","13":"purchasable","14":"product-type-simple"},"acf":[],"_links":{"self":[{"href":"https:\/\/www.hirtenberg-apotheke.at\/katalog\/wp-json\/wp\/v2\/product\/67795","targetHints":{"allow":["GET"]}}],"collection":[{"href":"https:\/\/www.hirtenberg-apotheke.at\/katalog\/wp-json\/wp\/v2\/product"}],"about":[{"href":"https:\/\/www.hirtenberg-apotheke.at\/katalog\/wp-json\/wp\/v2\/types\/product"}],"wp:featuredmedia":[{"embeddable":true,"href":"https:\/\/www.hirtenberg-apotheke.at\/katalog\/wp-json\/wp\/v2\/media\/67797"}],"wp:attachment":[{"href":"https:\/\/www.hirtenberg-apotheke.at\/katalog\/wp-json\/wp\/v2\/media?parent=67795"}],"wp:term":[{"taxonomy":"product_brand","embeddable":true,"href":"https:\/\/www.hirtenberg-apotheke.at\/katalog\/wp-json\/wp\/v2\/product_brand?post=67795"},{"taxonomy":"product_cat","embeddable":true,"href":"https:\/\/www.hirtenberg-apotheke.at\/katalog\/wp-json\/wp\/v2\/product_cat?post=67795"},{"taxonomy":"product_tag","embeddable":true,"href":"https:\/\/www.hirtenberg-apotheke.at\/katalog\/wp-json\/wp\/v2\/product_tag?post=67795"}],"curies":[{"name":"wp","href":"https:\/\/api.w.org\/{rel}","templated":true}]}}