{"id":67814,"date":"2025-11-26T23:35:16","date_gmt":"2025-11-26T22:35:16","guid":{"rendered":"https:\/\/www.hirtenberg-apotheke.at\/katalog\/produkt\/quentakehl-d5-tropfen-10-ml\/"},"modified":"2025-11-26T23:35:36","modified_gmt":"2025-11-26T22:35:36","slug":"quentakehl-d5-tropfen-10-ml","status":"publish","type":"product","link":"https:\/\/www.hirtenberg-apotheke.at\/katalog\/produkt\/quentakehl-d5-tropfen-10-ml\/","title":{"rendered":"Quentakehl D5 Tropfen 10 ml"},"content":{"rendered":"<p>Die Anwendungsgebiete leiten sich von den hom\u00f6opathischen Arzneimittelbildern ab. F\u00fcr dieses Arzneimittel sind folgende Anwendungsgebiete zugelassen: Entz\u00fcndungen der Nasennebenh\u00f6hlen und grippale Infekte.<\/p>\n","protected":false},"excerpt":{"rendered":"<p>Die Anwendungsgebiete leiten sich von den hom\u00f6opathischen Arzneimittelbildern ab. F\u00fcr dieses Arzneimittel sind folgende Anwendungsgebiete zugelassen: Entz\u00fcndungen der Nasennebenh\u00f6hlen und grippale Infekte.<\/p>\n","protected":false},"featured_media":67816,"template":"","meta":{"_acf_changed":false},"product_brand":[],"product_cat":[928],"product_tag":[],"class_list":{"0":"post-67814","1":"product","2":"type-product","3":"status-publish","4":"has-post-thumbnail","6":"product_cat-q","7":"pa_packungsgroesse-10ml","9":"first","10":"instock","11":"shipping-taxable","12":"purchasable","13":"product-type-simple"},"acf":[],"_links":{"self":[{"href":"https:\/\/www.hirtenberg-apotheke.at\/katalog\/wp-json\/wp\/v2\/product\/67814","targetHints":{"allow":["GET"]}}],"collection":[{"href":"https:\/\/www.hirtenberg-apotheke.at\/katalog\/wp-json\/wp\/v2\/product"}],"about":[{"href":"https:\/\/www.hirtenberg-apotheke.at\/katalog\/wp-json\/wp\/v2\/types\/product"}],"wp:featuredmedia":[{"embeddable":true,"href":"https:\/\/www.hirtenberg-apotheke.at\/katalog\/wp-json\/wp\/v2\/media\/67816"}],"wp:attachment":[{"href":"https:\/\/www.hirtenberg-apotheke.at\/katalog\/wp-json\/wp\/v2\/media?parent=67814"}],"wp:term":[{"taxonomy":"product_brand","embeddable":true,"href":"https:\/\/www.hirtenberg-apotheke.at\/katalog\/wp-json\/wp\/v2\/product_brand?post=67814"},{"taxonomy":"product_cat","embeddable":true,"href":"https:\/\/www.hirtenberg-apotheke.at\/katalog\/wp-json\/wp\/v2\/product_cat?post=67814"},{"taxonomy":"product_tag","embeddable":true,"href":"https:\/\/www.hirtenberg-apotheke.at\/katalog\/wp-json\/wp\/v2\/product_tag?post=67814"}],"curies":[{"name":"wp","href":"https:\/\/api.w.org\/{rel}","templated":true}]}}