{"id":67882,"date":"2025-11-26T23:36:47","date_gmt":"2025-11-26T22:36:47","guid":{"rendered":"https:\/\/www.hirtenberg-apotheke.at\/katalog\/produkt\/similasan-periodenbeschwerden\/"},"modified":"2025-11-26T23:37:30","modified_gmt":"2025-11-26T22:37:30","slug":"similasan-periodenbeschwerden","status":"publish","type":"product","link":"https:\/\/www.hirtenberg-apotheke.at\/katalog\/produkt\/similasan-periodenbeschwerden\/","title":{"rendered":"Similasan Periodenbeschwerden"},"content":{"rendered":"<p>Similasan Periodenbeschwerden Tropfen ist ein hom\u00f6opathisches Arzneimittel, das bei Schmerzen und Kr\u00e4mpfen im Unterleib vor oder w\u00e4hrend der Menstruation abhilfe schaffen. Die Tropfen lindern krampfartige, herunterziehende Schmerzen vom Unterleib zu den Oberschenkeln und ziehende Schmerzen im Unterbauch mit Ausstrahlung zum R\u00fccken zur Zeit der Menstruation.<\/p>\n","protected":false},"excerpt":{"rendered":"<p>Similasan Periodenbeschwerden Tropfen ist ein hom\u00f6opathisches Arzneimittel, das bei Schmerzen und Kr\u00e4mpfen im Unterleib vor oder w\u00e4hrend der Menstruation abhilfe schaffen. Die Tropfen lindern krampfartige, herunterziehende Schmerzen vom Unterleib zu den Oberschenkeln und ziehende Schmerzen im Unterbauch mit Ausstrahlung zum R\u00fccken zur Zeit der Menstruation.<\/p>\n","protected":false},"featured_media":67884,"template":"","meta":{"_acf_changed":false},"product_brand":[925],"product_cat":[303],"product_tag":[],"class_list":{"0":"post-67882","1":"product","2":"type-product","3":"status-publish","4":"has-post-thumbnail","6":"product_brand-similasan","7":"product_cat-s","8":"pa_packungsgroesse-50ml","10":"first","11":"instock","12":"shipping-taxable","13":"purchasable","14":"product-type-simple"},"acf":[],"_links":{"self":[{"href":"https:\/\/www.hirtenberg-apotheke.at\/katalog\/wp-json\/wp\/v2\/product\/67882","targetHints":{"allow":["GET"]}}],"collection":[{"href":"https:\/\/www.hirtenberg-apotheke.at\/katalog\/wp-json\/wp\/v2\/product"}],"about":[{"href":"https:\/\/www.hirtenberg-apotheke.at\/katalog\/wp-json\/wp\/v2\/types\/product"}],"wp:featuredmedia":[{"embeddable":true,"href":"https:\/\/www.hirtenberg-apotheke.at\/katalog\/wp-json\/wp\/v2\/media\/67884"}],"wp:attachment":[{"href":"https:\/\/www.hirtenberg-apotheke.at\/katalog\/wp-json\/wp\/v2\/media?parent=67882"}],"wp:term":[{"taxonomy":"product_brand","embeddable":true,"href":"https:\/\/www.hirtenberg-apotheke.at\/katalog\/wp-json\/wp\/v2\/product_brand?post=67882"},{"taxonomy":"product_cat","embeddable":true,"href":"https:\/\/www.hirtenberg-apotheke.at\/katalog\/wp-json\/wp\/v2\/product_cat?post=67882"},{"taxonomy":"product_tag","embeddable":true,"href":"https:\/\/www.hirtenberg-apotheke.at\/katalog\/wp-json\/wp\/v2\/product_tag?post=67882"}],"curies":[{"name":"wp","href":"https:\/\/api.w.org\/{rel}","templated":true}]}}