{"id":67887,"date":"2025-11-26T23:37:30","date_gmt":"2025-11-26T22:37:30","guid":{"rendered":"https:\/\/www.hirtenberg-apotheke.at\/katalog\/produkt\/doskar-tropfen-26-nebenhoehlen\/"},"modified":"2025-11-26T23:37:35","modified_gmt":"2025-11-26T22:37:35","slug":"doskar-tropfen-26-nebenhoehlen","status":"publish","type":"product","link":"https:\/\/www.hirtenberg-apotheke.at\/katalog\/produkt\/doskar-tropfen-26-nebenhoehlen\/","title":{"rendered":"Doskar Tropfen 26 Nebenh\u00f6hlen"},"content":{"rendered":"<p>Die hom\u00f6opathischen Tropfen eignen sich f\u00fcr folgende Anwendungsgebiete gem\u00e4\u00df hom\u00f6opathischen Arzneimittelbildern: Zur Linderung der Symptome bei Beschwerden im Bereich der Stirn- und Nasen-Nebenh\u00f6hlen.<\/p>\n","protected":false},"excerpt":{"rendered":"<p>Die hom\u00f6opathischen Tropfen eignen sich f\u00fcr folgende Anwendungsgebiete gem\u00e4\u00df hom\u00f6opathischen Arzneimittelbildern: Zur Linderung der Symptome bei Beschwerden im Bereich der Stirn- und Nasen-Nebenh\u00f6hlen.<\/p>\n","protected":false},"featured_media":67889,"template":"","meta":{"_acf_changed":false},"product_brand":[423],"product_cat":[295],"product_tag":[],"class_list":{"0":"post-67887","1":"product","2":"type-product","3":"status-publish","4":"has-post-thumbnail","6":"product_brand-doskar","7":"product_cat-d","8":"pa_packungsgroesse-50ml","10":"first","11":"instock","12":"shipping-taxable","13":"purchasable","14":"product-type-simple"},"acf":[],"_links":{"self":[{"href":"https:\/\/www.hirtenberg-apotheke.at\/katalog\/wp-json\/wp\/v2\/product\/67887","targetHints":{"allow":["GET"]}}],"collection":[{"href":"https:\/\/www.hirtenberg-apotheke.at\/katalog\/wp-json\/wp\/v2\/product"}],"about":[{"href":"https:\/\/www.hirtenberg-apotheke.at\/katalog\/wp-json\/wp\/v2\/types\/product"}],"wp:featuredmedia":[{"embeddable":true,"href":"https:\/\/www.hirtenberg-apotheke.at\/katalog\/wp-json\/wp\/v2\/media\/67889"}],"wp:attachment":[{"href":"https:\/\/www.hirtenberg-apotheke.at\/katalog\/wp-json\/wp\/v2\/media?parent=67887"}],"wp:term":[{"taxonomy":"product_brand","embeddable":true,"href":"https:\/\/www.hirtenberg-apotheke.at\/katalog\/wp-json\/wp\/v2\/product_brand?post=67887"},{"taxonomy":"product_cat","embeddable":true,"href":"https:\/\/www.hirtenberg-apotheke.at\/katalog\/wp-json\/wp\/v2\/product_cat?post=67887"},{"taxonomy":"product_tag","embeddable":true,"href":"https:\/\/www.hirtenberg-apotheke.at\/katalog\/wp-json\/wp\/v2\/product_tag?post=67887"}],"curies":[{"name":"wp","href":"https:\/\/api.w.org\/{rel}","templated":true}]}}