{"id":67997,"date":"2025-11-26T23:40:27","date_gmt":"2025-11-26T22:40:27","guid":{"rendered":"https:\/\/www.hirtenberg-apotheke.at\/katalog\/produkt\/apozema-tropfen-nr-17-gedaechtnis-und-konzentration-50-ml\/"},"modified":"2025-11-26T23:40:44","modified_gmt":"2025-11-26T22:40:44","slug":"apozema-tropfen-nr-17-gedaechtnis-und-konzentration-50-ml","status":"publish","type":"product","link":"https:\/\/www.hirtenberg-apotheke.at\/katalog\/produkt\/apozema-tropfen-nr-17-gedaechtnis-und-konzentration-50-ml\/","title":{"rendered":"Apozema Tropfen Nr. 17 Ged\u00e4chtnis und Konzentration 50 ml"},"content":{"rendered":"<p>Die Anwendungsgebiete leiten sich von den hom\u00f6opathischen Arzneimittelbildern ab. Zur Aktivierung und St\u00e4rkung der k\u00f6rpereigenen Selbstheilungskr\u00e4fte bei Ged\u00e4chtnis- und Konzentrationsschw\u00e4che, Vergesslichkeit und \u201eLeistungsknick\u201c &#8211; dieses und viele weitere Produkte von Apozema dauerhaft preisreduziert bestellen!<\/p>\n","protected":false},"excerpt":{"rendered":"<p>Die Anwendungsgebiete leiten sich von den hom\u00f6opathischen Arzneimittelbildern ab. Zur Aktivierung und St\u00e4rkung der k\u00f6rpereigenen Selbstheilungskr\u00e4fte bei Ged\u00e4chtnis- und Konzentrationsschw\u00e4che, Vergesslichkeit und \u201eLeistungsknick\u201c &#8211; dieses und viele weitere Produkte von Apozema dauerhaft preisreduziert bestellen!<\/p>\n","protected":false},"featured_media":67999,"template":"","meta":{"_acf_changed":false},"product_brand":[927],"product_cat":[299],"product_tag":[],"class_list":{"0":"post-67997","1":"product","2":"type-product","3":"status-publish","4":"has-post-thumbnail","6":"product_brand-apozema","7":"product_cat-a","8":"pa_packungsgroesse-50ml","10":"first","11":"instock","12":"shipping-taxable","13":"purchasable","14":"product-type-simple"},"acf":[],"_links":{"self":[{"href":"https:\/\/www.hirtenberg-apotheke.at\/katalog\/wp-json\/wp\/v2\/product\/67997","targetHints":{"allow":["GET"]}}],"collection":[{"href":"https:\/\/www.hirtenberg-apotheke.at\/katalog\/wp-json\/wp\/v2\/product"}],"about":[{"href":"https:\/\/www.hirtenberg-apotheke.at\/katalog\/wp-json\/wp\/v2\/types\/product"}],"wp:featuredmedia":[{"embeddable":true,"href":"https:\/\/www.hirtenberg-apotheke.at\/katalog\/wp-json\/wp\/v2\/media\/67999"}],"wp:attachment":[{"href":"https:\/\/www.hirtenberg-apotheke.at\/katalog\/wp-json\/wp\/v2\/media?parent=67997"}],"wp:term":[{"taxonomy":"product_brand","embeddable":true,"href":"https:\/\/www.hirtenberg-apotheke.at\/katalog\/wp-json\/wp\/v2\/product_brand?post=67997"},{"taxonomy":"product_cat","embeddable":true,"href":"https:\/\/www.hirtenberg-apotheke.at\/katalog\/wp-json\/wp\/v2\/product_cat?post=67997"},{"taxonomy":"product_tag","embeddable":true,"href":"https:\/\/www.hirtenberg-apotheke.at\/katalog\/wp-json\/wp\/v2\/product_tag?post=67997"}],"curies":[{"name":"wp","href":"https:\/\/api.w.org\/{rel}","templated":true}]}}