{"id":68025,"date":"2025-11-26T23:40:27","date_gmt":"2025-11-26T22:40:27","guid":{"rendered":"https:\/\/www.hirtenberg-apotheke.at\/katalog\/produkt\/apozema-tropfen-nr-23-echinacea-50-ml\/"},"modified":"2025-11-26T23:41:35","modified_gmt":"2025-11-26T22:41:35","slug":"apozema-tropfen-nr-23-echinacea-50-ml","status":"publish","type":"product","link":"https:\/\/www.hirtenberg-apotheke.at\/katalog\/produkt\/apozema-tropfen-nr-23-echinacea-50-ml\/","title":{"rendered":"Apozema Tropfen Nr. 23 Echinacea 50 ml"},"content":{"rendered":"<p>APOZEMA Mund- und Zahnfleisch-Tropfen Nr. 23 von APOMEDICA regen die Selbstheilungskr\u00e4fte gem\u00e4\u00df dem hom\u00f6opathischen Arzneimittelbild bei Entz\u00fcndungen und Erkrankungen der Mundschleimhaut, des Zahnfleisches und der Mundecken an.<\/p>\n","protected":false},"excerpt":{"rendered":"<p>APOZEMA Mund- und Zahnfleisch-Tropfen Nr. 23 von APOMEDICA regen die Selbstheilungskr\u00e4fte gem\u00e4\u00df dem hom\u00f6opathischen Arzneimittelbild bei Entz\u00fcndungen und Erkrankungen der Mundschleimhaut, des Zahnfleisches und der Mundecken an.<\/p>\n","protected":false},"featured_media":68027,"template":"","meta":{"_acf_changed":false},"product_brand":[927],"product_cat":[299],"product_tag":[],"class_list":{"0":"post-68025","1":"product","2":"type-product","3":"status-publish","4":"has-post-thumbnail","6":"product_brand-apozema","7":"product_cat-a","8":"pa_packungsgroesse-50ml","10":"first","11":"instock","12":"shipping-taxable","13":"purchasable","14":"product-type-simple"},"acf":[],"_links":{"self":[{"href":"https:\/\/www.hirtenberg-apotheke.at\/katalog\/wp-json\/wp\/v2\/product\/68025","targetHints":{"allow":["GET"]}}],"collection":[{"href":"https:\/\/www.hirtenberg-apotheke.at\/katalog\/wp-json\/wp\/v2\/product"}],"about":[{"href":"https:\/\/www.hirtenberg-apotheke.at\/katalog\/wp-json\/wp\/v2\/types\/product"}],"wp:featuredmedia":[{"embeddable":true,"href":"https:\/\/www.hirtenberg-apotheke.at\/katalog\/wp-json\/wp\/v2\/media\/68027"}],"wp:attachment":[{"href":"https:\/\/www.hirtenberg-apotheke.at\/katalog\/wp-json\/wp\/v2\/media?parent=68025"}],"wp:term":[{"taxonomy":"product_brand","embeddable":true,"href":"https:\/\/www.hirtenberg-apotheke.at\/katalog\/wp-json\/wp\/v2\/product_brand?post=68025"},{"taxonomy":"product_cat","embeddable":true,"href":"https:\/\/www.hirtenberg-apotheke.at\/katalog\/wp-json\/wp\/v2\/product_cat?post=68025"},{"taxonomy":"product_tag","embeddable":true,"href":"https:\/\/www.hirtenberg-apotheke.at\/katalog\/wp-json\/wp\/v2\/product_tag?post=68025"}],"curies":[{"name":"wp","href":"https:\/\/api.w.org\/{rel}","templated":true}]}}