{"id":68034,"date":"2025-11-26T23:41:35","date_gmt":"2025-11-26T22:41:35","guid":{"rendered":"https:\/\/www.hirtenberg-apotheke.at\/katalog\/produkt\/similasan-milchbildungstropfen\/"},"modified":"2025-11-26T23:41:41","modified_gmt":"2025-11-26T22:41:41","slug":"similasan-milchbildungstropfen","status":"publish","type":"product","link":"https:\/\/www.hirtenberg-apotheke.at\/katalog\/produkt\/similasan-milchbildungstropfen\/","title":{"rendered":"Similasan Milchbildungstropfen"},"content":{"rendered":"<p>Similasan Milchbildungstropfen sind ein hom\u00f6opathisches Pr\u00e4parat, das bei akutem Milchmangel in der Stillzeit eingesetzt wird. So f\u00f6rdern sie auf ganz nat\u00fcrliche Weise den Milchfluss der stillenden Frau..<\/p>\n","protected":false},"excerpt":{"rendered":"<p>Similasan Milchbildungstropfen sind ein hom\u00f6opathisches Pr\u00e4parat, das bei akutem Milchmangel in der Stillzeit eingesetzt wird. So f\u00f6rdern sie auf ganz nat\u00fcrliche Weise den Milchfluss der stillenden Frau..<\/p>\n","protected":false},"featured_media":68036,"template":"","meta":{"_acf_changed":false},"product_brand":[925],"product_cat":[303],"product_tag":[],"class_list":{"0":"post-68034","1":"product","2":"type-product","3":"status-publish","4":"has-post-thumbnail","6":"product_brand-similasan","7":"product_cat-s","8":"pa_packungsgroesse-50ml","10":"first","11":"instock","12":"shipping-taxable","13":"purchasable","14":"product-type-simple"},"acf":[],"_links":{"self":[{"href":"https:\/\/www.hirtenberg-apotheke.at\/katalog\/wp-json\/wp\/v2\/product\/68034","targetHints":{"allow":["GET"]}}],"collection":[{"href":"https:\/\/www.hirtenberg-apotheke.at\/katalog\/wp-json\/wp\/v2\/product"}],"about":[{"href":"https:\/\/www.hirtenberg-apotheke.at\/katalog\/wp-json\/wp\/v2\/types\/product"}],"wp:featuredmedia":[{"embeddable":true,"href":"https:\/\/www.hirtenberg-apotheke.at\/katalog\/wp-json\/wp\/v2\/media\/68036"}],"wp:attachment":[{"href":"https:\/\/www.hirtenberg-apotheke.at\/katalog\/wp-json\/wp\/v2\/media?parent=68034"}],"wp:term":[{"taxonomy":"product_brand","embeddable":true,"href":"https:\/\/www.hirtenberg-apotheke.at\/katalog\/wp-json\/wp\/v2\/product_brand?post=68034"},{"taxonomy":"product_cat","embeddable":true,"href":"https:\/\/www.hirtenberg-apotheke.at\/katalog\/wp-json\/wp\/v2\/product_cat?post=68034"},{"taxonomy":"product_tag","embeddable":true,"href":"https:\/\/www.hirtenberg-apotheke.at\/katalog\/wp-json\/wp\/v2\/product_tag?post=68034"}],"curies":[{"name":"wp","href":"https:\/\/api.w.org\/{rel}","templated":true}]}}