{"id":68063,"date":"2025-11-26T23:42:22","date_gmt":"2025-11-26T22:42:22","guid":{"rendered":"https:\/\/www.hirtenberg-apotheke.at\/katalog\/produkt\/doskar-tropfen-11-migraene-frau\/"},"modified":"2025-11-26T23:42:28","modified_gmt":"2025-11-26T22:42:28","slug":"doskar-tropfen-11-migraene-frau","status":"publish","type":"product","link":"https:\/\/www.hirtenberg-apotheke.at\/katalog\/produkt\/doskar-tropfen-11-migraene-frau\/","title":{"rendered":"Doskar Tropfen 11 Migr\u00e4ne Frau"},"content":{"rendered":"<p>Mag. Doskar Nr. 11 Migr\u00e4ne f\u00fcr Frauen Tropfen &#8211; Anwendungsgebiete gem\u00e4\u00df hom\u00f6opathischen Arzneimittelbildern: Beschwerden im Zusammenhang mit Migr\u00e4ne bei Frauen.Anwendung:3 mal t\u00e4glich 20 Tropfen. Im Anfall 1\/4-st\u00fcndlich 15 Tropfen.Hom\u00f6opathische Tropfen sollen m\u00f6glichst unverd\u00fcnnt, wenn m\u00f6glich auf der Zunge direkt eingenommen werden, da diese \u00fcber die Mundschleimh\u00e4ute resorbiert werden. Wenn der Geschmack zu scharf ist, kann man die abgez\u00e4hlten Tropfen in einem Glas mit etwas Wasser verd\u00fcnnen. Falls es nicht anders angegeben ist, sind hom\u00f6opathische Tropfen immer n\u00fcchtern d.h. vor dem Essen einzunehmen..<\/p>\n","protected":false},"excerpt":{"rendered":"<p>Mag. Doskar Nr. 11 Migr\u00e4ne f\u00fcr Frauen Tropfen &#8211; Anwendungsgebiete gem\u00e4\u00df hom\u00f6opathischen Arzneimittelbildern: Beschwerden im Zusammenhang mit Migr\u00e4ne bei Frauen.Anwendung:3 mal t\u00e4glich 20 Tropfen. Im Anfall 1\/4-st\u00fcndlich 15 Tropfen.Hom\u00f6opathische Tropfen sollen m\u00f6glichst unverd\u00fcnnt, wenn m\u00f6glich auf der Zunge direkt eingenommen werden, da diese \u00fcber die Mundschleimh\u00e4ute resorbiert werden. Wenn der Geschmack zu scharf ist, kann [&hellip;]<\/p>\n","protected":false},"featured_media":68065,"template":"","meta":{"_acf_changed":false},"product_brand":[423],"product_cat":[295],"product_tag":[],"class_list":{"0":"post-68063","1":"product","2":"type-product","3":"status-publish","4":"has-post-thumbnail","6":"product_brand-doskar","7":"product_cat-d","8":"pa_packungsgroesse-50ml","10":"first","11":"instock","12":"shipping-taxable","13":"purchasable","14":"product-type-simple"},"acf":[],"_links":{"self":[{"href":"https:\/\/www.hirtenberg-apotheke.at\/katalog\/wp-json\/wp\/v2\/product\/68063","targetHints":{"allow":["GET"]}}],"collection":[{"href":"https:\/\/www.hirtenberg-apotheke.at\/katalog\/wp-json\/wp\/v2\/product"}],"about":[{"href":"https:\/\/www.hirtenberg-apotheke.at\/katalog\/wp-json\/wp\/v2\/types\/product"}],"wp:featuredmedia":[{"embeddable":true,"href":"https:\/\/www.hirtenberg-apotheke.at\/katalog\/wp-json\/wp\/v2\/media\/68065"}],"wp:attachment":[{"href":"https:\/\/www.hirtenberg-apotheke.at\/katalog\/wp-json\/wp\/v2\/media?parent=68063"}],"wp:term":[{"taxonomy":"product_brand","embeddable":true,"href":"https:\/\/www.hirtenberg-apotheke.at\/katalog\/wp-json\/wp\/v2\/product_brand?post=68063"},{"taxonomy":"product_cat","embeddable":true,"href":"https:\/\/www.hirtenberg-apotheke.at\/katalog\/wp-json\/wp\/v2\/product_cat?post=68063"},{"taxonomy":"product_tag","embeddable":true,"href":"https:\/\/www.hirtenberg-apotheke.at\/katalog\/wp-json\/wp\/v2\/product_tag?post=68063"}],"curies":[{"name":"wp","href":"https:\/\/api.w.org\/{rel}","templated":true}]}}