{"id":68067,"date":"2025-11-26T23:42:22","date_gmt":"2025-11-26T22:42:22","guid":{"rendered":"https:\/\/www.hirtenberg-apotheke.at\/katalog\/produkt\/similasan-tropfen-gegen-nervoese-herzbeschwerden\/"},"modified":"2025-11-26T23:42:33","modified_gmt":"2025-11-26T22:42:33","slug":"similasan-tropfen-gegen-nervoese-herzbeschwerden","status":"publish","type":"product","link":"https:\/\/www.hirtenberg-apotheke.at\/katalog\/produkt\/similasan-tropfen-gegen-nervoese-herzbeschwerden\/","title":{"rendered":"Similasan Tropfen gegen Nerv\u00f6se Herzbeschwerden"},"content":{"rendered":"<p>Tropfen gegen nerv\u00f6se Herzbeschwerden \u201eSimilasan\u201c sind ein hom\u00f6opathisches Arzneimittel. Die Hom\u00f6opathie versteht sich als Regulationstherapie bei akuten und chronischen Krankheiten. Die Anwendungsgebiete leiten sich von den hom\u00f6opathischen Arzneimittelbildern ab. Dazu geh\u00f6ren: Unregelm\u00e4\u00dfiges oder zu heftiges Herzklopfen, Herzunruhe mit Beengung und Angstzust\u00e4nden und Innere Unruhe mit n\u00e4chtlichem Herzklopfen, Hitzewallungen.<\/p>\n","protected":false},"excerpt":{"rendered":"<p>Tropfen gegen nerv\u00f6se Herzbeschwerden \u201eSimilasan\u201c sind ein hom\u00f6opathisches Arzneimittel. Die Hom\u00f6opathie versteht sich als Regulationstherapie bei akuten und chronischen Krankheiten. Die Anwendungsgebiete leiten sich von den hom\u00f6opathischen Arzneimittelbildern ab. Dazu geh\u00f6ren: Unregelm\u00e4\u00dfiges oder zu heftiges Herzklopfen, Herzunruhe mit Beengung und Angstzust\u00e4nden und Innere Unruhe mit n\u00e4chtlichem Herzklopfen, Hitzewallungen.<\/p>\n","protected":false},"featured_media":68069,"template":"","meta":{"_acf_changed":false},"product_brand":[925],"product_cat":[303],"product_tag":[],"class_list":{"0":"post-68067","1":"product","2":"type-product","3":"status-publish","4":"has-post-thumbnail","6":"product_brand-similasan","7":"product_cat-s","8":"pa_packungsgroesse-50ml","10":"first","11":"instock","12":"shipping-taxable","13":"purchasable","14":"product-type-simple"},"acf":[],"_links":{"self":[{"href":"https:\/\/www.hirtenberg-apotheke.at\/katalog\/wp-json\/wp\/v2\/product\/68067","targetHints":{"allow":["GET"]}}],"collection":[{"href":"https:\/\/www.hirtenberg-apotheke.at\/katalog\/wp-json\/wp\/v2\/product"}],"about":[{"href":"https:\/\/www.hirtenberg-apotheke.at\/katalog\/wp-json\/wp\/v2\/types\/product"}],"wp:featuredmedia":[{"embeddable":true,"href":"https:\/\/www.hirtenberg-apotheke.at\/katalog\/wp-json\/wp\/v2\/media\/68069"}],"wp:attachment":[{"href":"https:\/\/www.hirtenberg-apotheke.at\/katalog\/wp-json\/wp\/v2\/media?parent=68067"}],"wp:term":[{"taxonomy":"product_brand","embeddable":true,"href":"https:\/\/www.hirtenberg-apotheke.at\/katalog\/wp-json\/wp\/v2\/product_brand?post=68067"},{"taxonomy":"product_cat","embeddable":true,"href":"https:\/\/www.hirtenberg-apotheke.at\/katalog\/wp-json\/wp\/v2\/product_cat?post=68067"},{"taxonomy":"product_tag","embeddable":true,"href":"https:\/\/www.hirtenberg-apotheke.at\/katalog\/wp-json\/wp\/v2\/product_tag?post=68067"}],"curies":[{"name":"wp","href":"https:\/\/api.w.org\/{rel}","templated":true}]}}