{"id":68071,"date":"2025-11-26T23:42:22","date_gmt":"2025-11-26T22:42:22","guid":{"rendered":"https:\/\/www.hirtenberg-apotheke.at\/katalog\/produkt\/doskar-tropfen-nr-13-nerventropfen-fuer-maenner\/"},"modified":"2025-11-26T23:42:38","modified_gmt":"2025-11-26T22:42:38","slug":"doskar-tropfen-nr-13-nerventropfen-fuer-maenner","status":"publish","type":"product","link":"https:\/\/www.hirtenberg-apotheke.at\/katalog\/produkt\/doskar-tropfen-nr-13-nerventropfen-fuer-maenner\/","title":{"rendered":"Doskar Tropfen Nr. 13 &#8211; Nerventropfen f\u00fcr M\u00e4nner"},"content":{"rendered":"<p>Doskar Tropfen Nr. 13 &#8211; Nerventropfen f\u00fcr M\u00e4nner werden bei nervlicher \u00dcberbelastung bei M\u00e4nnern angewendet.<\/p>\n","protected":false},"excerpt":{"rendered":"<p>Doskar Tropfen Nr. 13 &#8211; Nerventropfen f\u00fcr M\u00e4nner werden bei nervlicher \u00dcberbelastung bei M\u00e4nnern angewendet.<\/p>\n","protected":false},"featured_media":68073,"template":"","meta":{"_acf_changed":false},"product_brand":[423],"product_cat":[295],"product_tag":[],"class_list":{"0":"post-68071","1":"product","2":"type-product","3":"status-publish","4":"has-post-thumbnail","6":"product_brand-doskar","7":"product_cat-d","8":"pa_packungsgroesse-50ml","10":"first","11":"instock","12":"shipping-taxable","13":"purchasable","14":"product-type-simple"},"acf":[],"_links":{"self":[{"href":"https:\/\/www.hirtenberg-apotheke.at\/katalog\/wp-json\/wp\/v2\/product\/68071","targetHints":{"allow":["GET"]}}],"collection":[{"href":"https:\/\/www.hirtenberg-apotheke.at\/katalog\/wp-json\/wp\/v2\/product"}],"about":[{"href":"https:\/\/www.hirtenberg-apotheke.at\/katalog\/wp-json\/wp\/v2\/types\/product"}],"wp:featuredmedia":[{"embeddable":true,"href":"https:\/\/www.hirtenberg-apotheke.at\/katalog\/wp-json\/wp\/v2\/media\/68073"}],"wp:attachment":[{"href":"https:\/\/www.hirtenberg-apotheke.at\/katalog\/wp-json\/wp\/v2\/media?parent=68071"}],"wp:term":[{"taxonomy":"product_brand","embeddable":true,"href":"https:\/\/www.hirtenberg-apotheke.at\/katalog\/wp-json\/wp\/v2\/product_brand?post=68071"},{"taxonomy":"product_cat","embeddable":true,"href":"https:\/\/www.hirtenberg-apotheke.at\/katalog\/wp-json\/wp\/v2\/product_cat?post=68071"},{"taxonomy":"product_tag","embeddable":true,"href":"https:\/\/www.hirtenberg-apotheke.at\/katalog\/wp-json\/wp\/v2\/product_tag?post=68071"}],"curies":[{"name":"wp","href":"https:\/\/api.w.org\/{rel}","templated":true}]}}