{"id":68124,"date":"2025-11-26T23:43:23","date_gmt":"2025-11-26T22:43:23","guid":{"rendered":"https:\/\/www.hirtenberg-apotheke.at\/katalog\/produkt\/jutussin-gastreu-r9-tropfen\/"},"modified":"2025-11-26T23:44:09","modified_gmt":"2025-11-26T22:44:09","slug":"jutussin-gastreu-r9-tropfen","status":"publish","type":"product","link":"https:\/\/www.hirtenberg-apotheke.at\/katalog\/produkt\/jutussin-gastreu-r9-tropfen\/","title":{"rendered":"Jutussin Gastreu R9 Tropfen"},"content":{"rendered":"<p>Jutussin Gastreu R9 Tropfen sind eine wirkungsvolle Kombination aus 5 hom\u00f6opathischen Wirkstoffen, die den Reizhusten lindern und vorhandenen Schleim helfen zu l\u00f6sen. Wichtig ist, dass das hom\u00f6opathische Arzneimittel m\u00f6glichst gleich bei den ersten Anzeichen einer Erk\u00e4ltung eingenommen wird, um den Organismus optimal zu unterst\u00fctzen.<\/p>\n","protected":false},"excerpt":{"rendered":"<p>Jutussin Gastreu R9 Tropfen sind eine wirkungsvolle Kombination aus 5 hom\u00f6opathischen Wirkstoffen, die den Reizhusten lindern und vorhandenen Schleim helfen zu l\u00f6sen. Wichtig ist, dass das hom\u00f6opathische Arzneimittel m\u00f6glichst gleich bei den ersten Anzeichen einer Erk\u00e4ltung eingenommen wird, um den Organismus optimal zu unterst\u00fctzen.<\/p>\n","protected":false},"featured_media":68126,"template":"","meta":{"_acf_changed":false},"product_brand":[],"product_cat":[335],"product_tag":[],"class_list":{"0":"post-68124","1":"product","2":"type-product","3":"status-publish","4":"has-post-thumbnail","6":"product_cat-j","7":"pa_packungsgroesse-50ml","9":"first","10":"instock","11":"shipping-taxable","12":"purchasable","13":"product-type-simple"},"acf":[],"_links":{"self":[{"href":"https:\/\/www.hirtenberg-apotheke.at\/katalog\/wp-json\/wp\/v2\/product\/68124","targetHints":{"allow":["GET"]}}],"collection":[{"href":"https:\/\/www.hirtenberg-apotheke.at\/katalog\/wp-json\/wp\/v2\/product"}],"about":[{"href":"https:\/\/www.hirtenberg-apotheke.at\/katalog\/wp-json\/wp\/v2\/types\/product"}],"wp:featuredmedia":[{"embeddable":true,"href":"https:\/\/www.hirtenberg-apotheke.at\/katalog\/wp-json\/wp\/v2\/media\/68126"}],"wp:attachment":[{"href":"https:\/\/www.hirtenberg-apotheke.at\/katalog\/wp-json\/wp\/v2\/media?parent=68124"}],"wp:term":[{"taxonomy":"product_brand","embeddable":true,"href":"https:\/\/www.hirtenberg-apotheke.at\/katalog\/wp-json\/wp\/v2\/product_brand?post=68124"},{"taxonomy":"product_cat","embeddable":true,"href":"https:\/\/www.hirtenberg-apotheke.at\/katalog\/wp-json\/wp\/v2\/product_cat?post=68124"},{"taxonomy":"product_tag","embeddable":true,"href":"https:\/\/www.hirtenberg-apotheke.at\/katalog\/wp-json\/wp\/v2\/product_tag?post=68124"}],"curies":[{"name":"wp","href":"https:\/\/api.w.org\/{rel}","templated":true}]}}