{"id":68147,"date":"2025-11-26T23:44:16","date_gmt":"2025-11-26T22:44:16","guid":{"rendered":"https:\/\/www.hirtenberg-apotheke.at\/katalog\/produkt\/apozema-tropfen-nr-29-schule-50-ml\/"},"modified":"2025-11-26T23:44:43","modified_gmt":"2025-11-26T22:44:43","slug":"apozema-tropfen-nr-29-schule-50-ml","status":"publish","type":"product","link":"https:\/\/www.hirtenberg-apotheke.at\/katalog\/produkt\/apozema-tropfen-nr-29-schule-50-ml\/","title":{"rendered":"Apozema Tropfen Nr. 29 Schule 50 ml"},"content":{"rendered":"<p>APOZEMA Schul-Tropfen f\u00fcr Kinder Nr. 29 von APOMEDICA regen die Selbstheilungskr\u00e4fte gem\u00e4\u00df dem hom\u00f6opathischen Arzneimittelbild bei M\u00fcdigkeit, Konzentrationsschw\u00e4che, unbegr\u00fcndeter Angst vor Pr\u00fcfungen und anderen Aufgaben sowie \u00e4Leistungsknick\u201c an.<\/p>\n","protected":false},"excerpt":{"rendered":"<p>APOZEMA Schul-Tropfen f\u00fcr Kinder Nr. 29 von APOMEDICA regen die Selbstheilungskr\u00e4fte gem\u00e4\u00df dem hom\u00f6opathischen Arzneimittelbild bei M\u00fcdigkeit, Konzentrationsschw\u00e4che, unbegr\u00fcndeter Angst vor Pr\u00fcfungen und anderen Aufgaben sowie \u00e4Leistungsknick\u201c an.<\/p>\n","protected":false},"featured_media":68149,"template":"","meta":{"_acf_changed":false},"product_brand":[927],"product_cat":[299],"product_tag":[],"class_list":{"0":"post-68147","1":"product","2":"type-product","3":"status-publish","4":"has-post-thumbnail","6":"product_brand-apozema","7":"product_cat-a","8":"pa_packungsgroesse-50ml","10":"first","11":"instock","12":"shipping-taxable","13":"purchasable","14":"product-type-simple"},"acf":[],"_links":{"self":[{"href":"https:\/\/www.hirtenberg-apotheke.at\/katalog\/wp-json\/wp\/v2\/product\/68147","targetHints":{"allow":["GET"]}}],"collection":[{"href":"https:\/\/www.hirtenberg-apotheke.at\/katalog\/wp-json\/wp\/v2\/product"}],"about":[{"href":"https:\/\/www.hirtenberg-apotheke.at\/katalog\/wp-json\/wp\/v2\/types\/product"}],"wp:featuredmedia":[{"embeddable":true,"href":"https:\/\/www.hirtenberg-apotheke.at\/katalog\/wp-json\/wp\/v2\/media\/68149"}],"wp:attachment":[{"href":"https:\/\/www.hirtenberg-apotheke.at\/katalog\/wp-json\/wp\/v2\/media?parent=68147"}],"wp:term":[{"taxonomy":"product_brand","embeddable":true,"href":"https:\/\/www.hirtenberg-apotheke.at\/katalog\/wp-json\/wp\/v2\/product_brand?post=68147"},{"taxonomy":"product_cat","embeddable":true,"href":"https:\/\/www.hirtenberg-apotheke.at\/katalog\/wp-json\/wp\/v2\/product_cat?post=68147"},{"taxonomy":"product_tag","embeddable":true,"href":"https:\/\/www.hirtenberg-apotheke.at\/katalog\/wp-json\/wp\/v2\/product_tag?post=68147"}],"curies":[{"name":"wp","href":"https:\/\/api.w.org\/{rel}","templated":true}]}}