{"id":68178,"date":"2025-11-26T23:45:28","date_gmt":"2025-11-26T22:45:28","guid":{"rendered":"https:\/\/www.hirtenberg-apotheke.at\/katalog\/produkt\/metakaveron-tropfen-100-ml\/"},"modified":"2025-11-26T23:45:41","modified_gmt":"2025-11-26T22:45:41","slug":"metakaveron-tropfen-100-ml","status":"publish","type":"product","link":"https:\/\/www.hirtenberg-apotheke.at\/katalog\/produkt\/metakaveron-tropfen-100-ml\/","title":{"rendered":"Metakaveron Tropfen 100 ml"},"content":{"rendered":"<p>Metakaveron Tropfen spenden Energie, um dem K\u00f6rper vollste Konzentration und schnelles Handeln zu erm\u00f6glichen. Kr\u00e4fte werden geb\u00fcndelt, und Aufgaben k\u00f6nnen konzentriert und effizient angegangen werden.<\/p>\n","protected":false},"excerpt":{"rendered":"<p>Metakaveron Tropfen spenden Energie, um dem K\u00f6rper vollste Konzentration und schnelles Handeln zu erm\u00f6glichen. Kr\u00e4fte werden geb\u00fcndelt, und Aufgaben k\u00f6nnen konzentriert und effizient angegangen werden.<\/p>\n","protected":false},"featured_media":68180,"template":"","meta":{"_acf_changed":false},"product_brand":[],"product_cat":[308],"product_tag":[],"class_list":{"0":"post-68178","1":"product","2":"type-product","3":"status-publish","4":"has-post-thumbnail","6":"product_cat-m","7":"pa_packungsgroesse-100ml","9":"first","10":"instock","11":"shipping-taxable","12":"purchasable","13":"product-type-simple"},"acf":[],"_links":{"self":[{"href":"https:\/\/www.hirtenberg-apotheke.at\/katalog\/wp-json\/wp\/v2\/product\/68178","targetHints":{"allow":["GET"]}}],"collection":[{"href":"https:\/\/www.hirtenberg-apotheke.at\/katalog\/wp-json\/wp\/v2\/product"}],"about":[{"href":"https:\/\/www.hirtenberg-apotheke.at\/katalog\/wp-json\/wp\/v2\/types\/product"}],"wp:featuredmedia":[{"embeddable":true,"href":"https:\/\/www.hirtenberg-apotheke.at\/katalog\/wp-json\/wp\/v2\/media\/68180"}],"wp:attachment":[{"href":"https:\/\/www.hirtenberg-apotheke.at\/katalog\/wp-json\/wp\/v2\/media?parent=68178"}],"wp:term":[{"taxonomy":"product_brand","embeddable":true,"href":"https:\/\/www.hirtenberg-apotheke.at\/katalog\/wp-json\/wp\/v2\/product_brand?post=68178"},{"taxonomy":"product_cat","embeddable":true,"href":"https:\/\/www.hirtenberg-apotheke.at\/katalog\/wp-json\/wp\/v2\/product_cat?post=68178"},{"taxonomy":"product_tag","embeddable":true,"href":"https:\/\/www.hirtenberg-apotheke.at\/katalog\/wp-json\/wp\/v2\/product_tag?post=68178"}],"curies":[{"name":"wp","href":"https:\/\/api.w.org\/{rel}","templated":true}]}}