{"id":68197,"date":"2025-11-26T23:45:28","date_gmt":"2025-11-26T22:45:28","guid":{"rendered":"https:\/\/www.hirtenberg-apotheke.at\/katalog\/produkt\/doskar-tropfen-32-neurasthenie\/"},"modified":"2025-11-26T23:46:08","modified_gmt":"2025-11-26T22:46:08","slug":"doskar-tropfen-32-neurasthenie","status":"publish","type":"product","link":"https:\/\/www.hirtenberg-apotheke.at\/katalog\/produkt\/doskar-tropfen-32-neurasthenie\/","title":{"rendered":"Doskar Tropfen 32 Neurasthenie"},"content":{"rendered":"<p>Mag. Doskar VET Nr. 23 Neurasthenie Tropfen &#8211; Anwendungsgebiete gem\u00e4\u00df hom\u00f6opathischen Arzneimittelbildern: Neurasthenie mit Symptomen wie z.B. Ersch\u00f6pfung, Erm\u00fcdung, \u00c4ngstlichkeit und Konzentrationsst\u00f6rungen.Anwendung:Akut: 5 mal t\u00e4glich 5 \u2013 10 Tropfen.Bis zur Besserung der Beschwerden: 3 mal t\u00e4glich 5 \u2013 10 Tropfen.Die abgez\u00e4hlten Tropfen sollen in einem Glas mit etwas Wasser verd\u00fcnnt werden. Falls nicht anders angegeben, sind hom\u00f6opathische Tropfen immer n\u00fcchtern d. h. vor dem Essen einzunehmen..<\/p>\n","protected":false},"excerpt":{"rendered":"<p>Mag. Doskar VET Nr. 23 Neurasthenie Tropfen &#8211; Anwendungsgebiete gem\u00e4\u00df hom\u00f6opathischen Arzneimittelbildern: Neurasthenie mit Symptomen wie z.B. Ersch\u00f6pfung, Erm\u00fcdung, \u00c4ngstlichkeit und Konzentrationsst\u00f6rungen.Anwendung:Akut: 5 mal t\u00e4glich 5 \u2013 10 Tropfen.Bis zur Besserung der Beschwerden: 3 mal t\u00e4glich 5 \u2013 10 Tropfen.Die abgez\u00e4hlten Tropfen sollen in einem Glas mit etwas Wasser verd\u00fcnnt werden. Falls nicht anders angegeben, [&hellip;]<\/p>\n","protected":false},"featured_media":68199,"template":"","meta":{"_acf_changed":false},"product_brand":[423],"product_cat":[295],"product_tag":[],"class_list":{"0":"post-68197","1":"product","2":"type-product","3":"status-publish","4":"has-post-thumbnail","6":"product_brand-doskar","7":"product_cat-d","8":"pa_packungsgroesse-50ml","10":"first","11":"instock","12":"shipping-taxable","13":"purchasable","14":"product-type-simple"},"acf":[],"_links":{"self":[{"href":"https:\/\/www.hirtenberg-apotheke.at\/katalog\/wp-json\/wp\/v2\/product\/68197","targetHints":{"allow":["GET"]}}],"collection":[{"href":"https:\/\/www.hirtenberg-apotheke.at\/katalog\/wp-json\/wp\/v2\/product"}],"about":[{"href":"https:\/\/www.hirtenberg-apotheke.at\/katalog\/wp-json\/wp\/v2\/types\/product"}],"wp:featuredmedia":[{"embeddable":true,"href":"https:\/\/www.hirtenberg-apotheke.at\/katalog\/wp-json\/wp\/v2\/media\/68199"}],"wp:attachment":[{"href":"https:\/\/www.hirtenberg-apotheke.at\/katalog\/wp-json\/wp\/v2\/media?parent=68197"}],"wp:term":[{"taxonomy":"product_brand","embeddable":true,"href":"https:\/\/www.hirtenberg-apotheke.at\/katalog\/wp-json\/wp\/v2\/product_brand?post=68197"},{"taxonomy":"product_cat","embeddable":true,"href":"https:\/\/www.hirtenberg-apotheke.at\/katalog\/wp-json\/wp\/v2\/product_cat?post=68197"},{"taxonomy":"product_tag","embeddable":true,"href":"https:\/\/www.hirtenberg-apotheke.at\/katalog\/wp-json\/wp\/v2\/product_tag?post=68197"}],"curies":[{"name":"wp","href":"https:\/\/api.w.org\/{rel}","templated":true}]}}