{"id":68396,"date":"2025-11-26T23:51:06","date_gmt":"2025-11-26T22:51:06","guid":{"rendered":"https:\/\/www.hirtenberg-apotheke.at\/katalog\/produkt\/regenaplex-nr-68a-15-ml\/"},"modified":"2025-11-26T23:51:22","modified_gmt":"2025-11-26T22:51:22","slug":"regenaplex-nr-68a-15-ml","status":"publish","type":"product","link":"https:\/\/www.hirtenberg-apotheke.at\/katalog\/produkt\/regenaplex-nr-68a-15-ml\/","title":{"rendered":"Regenaplex Nr. 68A 15 ml"},"content":{"rendered":"<p>Regenaplex Nr. 68A ist ein Magenmittel bei chronischen Erkrankungen und wird au\u00dferdem bei Magenulcera (Magengeschw\u00fcre), Pr\u00e4kanzerose des Magens, sowie Pylorusstenose (Verengung im Bereich des Magenausganges) angewendet.<\/p>\n","protected":false},"excerpt":{"rendered":"<p>Regenaplex Nr. 68A ist ein Magenmittel bei chronischen Erkrankungen und wird au\u00dferdem bei Magenulcera (Magengeschw\u00fcre), Pr\u00e4kanzerose des Magens, sowie Pylorusstenose (Verengung im Bereich des Magenausganges) angewendet.<\/p>\n","protected":false},"featured_media":68398,"template":"","meta":{"_acf_changed":false},"product_brand":[929],"product_cat":[311],"product_tag":[],"class_list":{"0":"post-68396","1":"product","2":"type-product","3":"status-publish","4":"has-post-thumbnail","6":"product_brand-regenaplex","7":"product_cat-r","8":"pa_packungsgroesse-15ml","10":"first","11":"instock","12":"shipping-taxable","13":"purchasable","14":"product-type-simple"},"acf":[],"_links":{"self":[{"href":"https:\/\/www.hirtenberg-apotheke.at\/katalog\/wp-json\/wp\/v2\/product\/68396","targetHints":{"allow":["GET"]}}],"collection":[{"href":"https:\/\/www.hirtenberg-apotheke.at\/katalog\/wp-json\/wp\/v2\/product"}],"about":[{"href":"https:\/\/www.hirtenberg-apotheke.at\/katalog\/wp-json\/wp\/v2\/types\/product"}],"wp:featuredmedia":[{"embeddable":true,"href":"https:\/\/www.hirtenberg-apotheke.at\/katalog\/wp-json\/wp\/v2\/media\/68398"}],"wp:attachment":[{"href":"https:\/\/www.hirtenberg-apotheke.at\/katalog\/wp-json\/wp\/v2\/media?parent=68396"}],"wp:term":[{"taxonomy":"product_brand","embeddable":true,"href":"https:\/\/www.hirtenberg-apotheke.at\/katalog\/wp-json\/wp\/v2\/product_brand?post=68396"},{"taxonomy":"product_cat","embeddable":true,"href":"https:\/\/www.hirtenberg-apotheke.at\/katalog\/wp-json\/wp\/v2\/product_cat?post=68396"},{"taxonomy":"product_tag","embeddable":true,"href":"https:\/\/www.hirtenberg-apotheke.at\/katalog\/wp-json\/wp\/v2\/product_tag?post=68396"}],"curies":[{"name":"wp","href":"https:\/\/api.w.org\/{rel}","templated":true}]}}