{"id":68408,"date":"2025-11-26T23:51:39","date_gmt":"2025-11-26T22:51:39","guid":{"rendered":"https:\/\/www.hirtenberg-apotheke.at\/katalog\/produkt\/regenaplex-nr-36a\/"},"modified":"2025-11-26T23:51:47","modified_gmt":"2025-11-26T22:51:47","slug":"regenaplex-nr-36a","status":"publish","type":"product","link":"https:\/\/www.hirtenberg-apotheke.at\/katalog\/produkt\/regenaplex-nr-36a\/","title":{"rendered":"Regenaplex Nr. 36A"},"content":{"rendered":"<p>Regenaplex Nr. 36A hilft bei Kieferzysten, Zahngranulomen, Fisteln, sowie eitrigen Nasennebenh\u00f6hlenentz\u00fcndungen. Die quasi nach einem Baukastensystem zusammengestellten Regenaplexe sind hom\u00f6opathische Komplexmittel mit jeweiligen Nummernbezeichnungen<\/p>\n","protected":false},"excerpt":{"rendered":"<p>Regenaplex Nr. 36A hilft bei Kieferzysten, Zahngranulomen, Fisteln, sowie eitrigen Nasennebenh\u00f6hlenentz\u00fcndungen. Die quasi nach einem Baukastensystem zusammengestellten Regenaplexe sind hom\u00f6opathische Komplexmittel mit jeweiligen Nummernbezeichnungen<\/p>\n","protected":false},"featured_media":68410,"template":"","meta":{"_acf_changed":false},"product_brand":[929],"product_cat":[311],"product_tag":[],"class_list":{"0":"post-68408","1":"product","2":"type-product","3":"status-publish","4":"has-post-thumbnail","6":"product_brand-regenaplex","7":"product_cat-r","8":"pa_packungsgroesse-15ml","10":"first","11":"instock","12":"shipping-taxable","13":"purchasable","14":"product-type-simple"},"acf":[],"_links":{"self":[{"href":"https:\/\/www.hirtenberg-apotheke.at\/katalog\/wp-json\/wp\/v2\/product\/68408","targetHints":{"allow":["GET"]}}],"collection":[{"href":"https:\/\/www.hirtenberg-apotheke.at\/katalog\/wp-json\/wp\/v2\/product"}],"about":[{"href":"https:\/\/www.hirtenberg-apotheke.at\/katalog\/wp-json\/wp\/v2\/types\/product"}],"wp:featuredmedia":[{"embeddable":true,"href":"https:\/\/www.hirtenberg-apotheke.at\/katalog\/wp-json\/wp\/v2\/media\/68410"}],"wp:attachment":[{"href":"https:\/\/www.hirtenberg-apotheke.at\/katalog\/wp-json\/wp\/v2\/media?parent=68408"}],"wp:term":[{"taxonomy":"product_brand","embeddable":true,"href":"https:\/\/www.hirtenberg-apotheke.at\/katalog\/wp-json\/wp\/v2\/product_brand?post=68408"},{"taxonomy":"product_cat","embeddable":true,"href":"https:\/\/www.hirtenberg-apotheke.at\/katalog\/wp-json\/wp\/v2\/product_cat?post=68408"},{"taxonomy":"product_tag","embeddable":true,"href":"https:\/\/www.hirtenberg-apotheke.at\/katalog\/wp-json\/wp\/v2\/product_tag?post=68408"}],"curies":[{"name":"wp","href":"https:\/\/api.w.org\/{rel}","templated":true}]}}