{"id":68515,"date":"2025-11-26T23:54:20","date_gmt":"2025-11-26T22:54:20","guid":{"rendered":"https:\/\/www.hirtenberg-apotheke.at\/katalog\/produkt\/regenaplex-nr-1a-15-ml\/"},"modified":"2025-11-26T23:54:33","modified_gmt":"2025-11-26T22:54:33","slug":"regenaplex-nr-1a-15-ml","status":"publish","type":"product","link":"https:\/\/www.hirtenberg-apotheke.at\/katalog\/produkt\/regenaplex-nr-1a-15-ml\/","title":{"rendered":"Regenaplex Nr. 1A 15 ml"},"content":{"rendered":"<p>Regenaplex Nr. 1A hilft appetitanregend bei Verdauungsschw\u00e4che und st\u00e4rkt bei An\u00e4mie. Die quasi nach einem Baukastensystem zusammengestellten Regenaplexe sind hom\u00f6opathische Komplexmittel mit jeweiligen Nummernbezeichnungen &#8211; jetzt online bestellen und bares Geld sparen!<\/p>\n","protected":false},"excerpt":{"rendered":"<p>Regenaplex Nr. 1A hilft appetitanregend bei Verdauungsschw\u00e4che und st\u00e4rkt bei An\u00e4mie. Die quasi nach einem Baukastensystem zusammengestellten Regenaplexe sind hom\u00f6opathische Komplexmittel mit jeweiligen Nummernbezeichnungen &#8211; jetzt online bestellen und bares Geld sparen!<\/p>\n","protected":false},"featured_media":68517,"template":"","meta":{"_acf_changed":false},"product_brand":[929],"product_cat":[311],"product_tag":[],"class_list":{"0":"post-68515","1":"product","2":"type-product","3":"status-publish","4":"has-post-thumbnail","6":"product_brand-regenaplex","7":"product_cat-r","8":"pa_packungsgroesse-15ml","10":"first","11":"instock","12":"shipping-taxable","13":"purchasable","14":"product-type-simple"},"acf":[],"_links":{"self":[{"href":"https:\/\/www.hirtenberg-apotheke.at\/katalog\/wp-json\/wp\/v2\/product\/68515","targetHints":{"allow":["GET"]}}],"collection":[{"href":"https:\/\/www.hirtenberg-apotheke.at\/katalog\/wp-json\/wp\/v2\/product"}],"about":[{"href":"https:\/\/www.hirtenberg-apotheke.at\/katalog\/wp-json\/wp\/v2\/types\/product"}],"wp:featuredmedia":[{"embeddable":true,"href":"https:\/\/www.hirtenberg-apotheke.at\/katalog\/wp-json\/wp\/v2\/media\/68517"}],"wp:attachment":[{"href":"https:\/\/www.hirtenberg-apotheke.at\/katalog\/wp-json\/wp\/v2\/media?parent=68515"}],"wp:term":[{"taxonomy":"product_brand","embeddable":true,"href":"https:\/\/www.hirtenberg-apotheke.at\/katalog\/wp-json\/wp\/v2\/product_brand?post=68515"},{"taxonomy":"product_cat","embeddable":true,"href":"https:\/\/www.hirtenberg-apotheke.at\/katalog\/wp-json\/wp\/v2\/product_cat?post=68515"},{"taxonomy":"product_tag","embeddable":true,"href":"https:\/\/www.hirtenberg-apotheke.at\/katalog\/wp-json\/wp\/v2\/product_tag?post=68515"}],"curies":[{"name":"wp","href":"https:\/\/api.w.org\/{rel}","templated":true}]}}