{"id":68597,"date":"2025-11-26T23:56:19","date_gmt":"2025-11-26T22:56:19","guid":{"rendered":"https:\/\/www.hirtenberg-apotheke.at\/katalog\/produkt\/cysto-gastreu-r18-tropfen\/"},"modified":"2025-11-26T23:56:49","modified_gmt":"2025-11-26T22:56:49","slug":"cysto-gastreu-r18-tropfen","status":"publish","type":"product","link":"https:\/\/www.hirtenberg-apotheke.at\/katalog\/produkt\/cysto-gastreu-r18-tropfen\/","title":{"rendered":"Cysto Gastreu R18 Tropfen"},"content":{"rendered":"<p>Cysto Gastreu R18 Tropfen wirken gezielt auf die Symptome einer Blasenentz\u00fcndung, wie st\u00e4ndiger Harndrang und brennende Schmerzen beim Wasserlassen. Zudem helfen sie dem K\u00f6rper, schneller mit der Entz\u00fcndung fertig zu werden. Idealerweise sollte die Behandlung sofort bei den ersten Anzeichen einer Blasenentz\u00fcndung beginnen.<\/p>\n","protected":false},"excerpt":{"rendered":"<p>Cysto Gastreu R18 Tropfen wirken gezielt auf die Symptome einer Blasenentz\u00fcndung, wie st\u00e4ndiger Harndrang und brennende Schmerzen beim Wasserlassen. Zudem helfen sie dem K\u00f6rper, schneller mit der Entz\u00fcndung fertig zu werden. Idealerweise sollte die Behandlung sofort bei den ersten Anzeichen einer Blasenentz\u00fcndung beginnen.<\/p>\n","protected":false},"featured_media":68599,"template":"","meta":{"_acf_changed":false},"product_brand":[],"product_cat":[337],"product_tag":[],"class_list":{"0":"post-68597","1":"product","2":"type-product","3":"status-publish","4":"has-post-thumbnail","6":"product_cat-c","7":"pa_packungsgroesse-50ml","9":"first","10":"instock","11":"shipping-taxable","12":"purchasable","13":"product-type-simple"},"acf":[],"_links":{"self":[{"href":"https:\/\/www.hirtenberg-apotheke.at\/katalog\/wp-json\/wp\/v2\/product\/68597","targetHints":{"allow":["GET"]}}],"collection":[{"href":"https:\/\/www.hirtenberg-apotheke.at\/katalog\/wp-json\/wp\/v2\/product"}],"about":[{"href":"https:\/\/www.hirtenberg-apotheke.at\/katalog\/wp-json\/wp\/v2\/types\/product"}],"wp:featuredmedia":[{"embeddable":true,"href":"https:\/\/www.hirtenberg-apotheke.at\/katalog\/wp-json\/wp\/v2\/media\/68599"}],"wp:attachment":[{"href":"https:\/\/www.hirtenberg-apotheke.at\/katalog\/wp-json\/wp\/v2\/media?parent=68597"}],"wp:term":[{"taxonomy":"product_brand","embeddable":true,"href":"https:\/\/www.hirtenberg-apotheke.at\/katalog\/wp-json\/wp\/v2\/product_brand?post=68597"},{"taxonomy":"product_cat","embeddable":true,"href":"https:\/\/www.hirtenberg-apotheke.at\/katalog\/wp-json\/wp\/v2\/product_cat?post=68597"},{"taxonomy":"product_tag","embeddable":true,"href":"https:\/\/www.hirtenberg-apotheke.at\/katalog\/wp-json\/wp\/v2\/product_tag?post=68597"}],"curies":[{"name":"wp","href":"https:\/\/api.w.org\/{rel}","templated":true}]}}