{"id":68629,"date":"2025-11-26T23:57:21","date_gmt":"2025-11-26T22:57:21","guid":{"rendered":"https:\/\/www.hirtenberg-apotheke.at\/katalog\/produkt\/stoma-gastreu-r5-tropfen\/"},"modified":"2025-11-26T23:57:34","modified_gmt":"2025-11-26T22:57:34","slug":"stoma-gastreu-r5-tropfen","status":"publish","type":"product","link":"https:\/\/www.hirtenberg-apotheke.at\/katalog\/produkt\/stoma-gastreu-r5-tropfen\/","title":{"rendered":"Stoma Gastreu R5 Tropfen"},"content":{"rendered":"<p>Stoma Gastreu R5 Tropfen werden bei Magenbeschwerden wie Magendr\u00fccken, Magenschmerzen, V\u00f6llegef\u00fchl oder Sodbrennen eingesetzt. Sie wirken magenberuhigend, krampfl\u00f6send, s\u00e4ureregulierend sowie schmerzlindernd und sind gut vertr\u00e4glich. Sie setzen sich aus einer Kombination von 5 Wirkstoffen zusammen.<\/p>\n","protected":false},"excerpt":{"rendered":"<p>Stoma Gastreu R5 Tropfen werden bei Magenbeschwerden wie Magendr\u00fccken, Magenschmerzen, V\u00f6llegef\u00fchl oder Sodbrennen eingesetzt. Sie wirken magenberuhigend, krampfl\u00f6send, s\u00e4ureregulierend sowie schmerzlindernd und sind gut vertr\u00e4glich. Sie setzen sich aus einer Kombination von 5 Wirkstoffen zusammen.<\/p>\n","protected":false},"featured_media":68631,"template":"","meta":{"_acf_changed":false},"product_brand":[],"product_cat":[303],"product_tag":[],"class_list":{"0":"post-68629","1":"product","2":"type-product","3":"status-publish","4":"has-post-thumbnail","6":"product_cat-s","7":"pa_packungsgroesse-50ml","9":"first","10":"instock","11":"shipping-taxable","12":"purchasable","13":"product-type-simple"},"acf":[],"_links":{"self":[{"href":"https:\/\/www.hirtenberg-apotheke.at\/katalog\/wp-json\/wp\/v2\/product\/68629","targetHints":{"allow":["GET"]}}],"collection":[{"href":"https:\/\/www.hirtenberg-apotheke.at\/katalog\/wp-json\/wp\/v2\/product"}],"about":[{"href":"https:\/\/www.hirtenberg-apotheke.at\/katalog\/wp-json\/wp\/v2\/types\/product"}],"wp:featuredmedia":[{"embeddable":true,"href":"https:\/\/www.hirtenberg-apotheke.at\/katalog\/wp-json\/wp\/v2\/media\/68631"}],"wp:attachment":[{"href":"https:\/\/www.hirtenberg-apotheke.at\/katalog\/wp-json\/wp\/v2\/media?parent=68629"}],"wp:term":[{"taxonomy":"product_brand","embeddable":true,"href":"https:\/\/www.hirtenberg-apotheke.at\/katalog\/wp-json\/wp\/v2\/product_brand?post=68629"},{"taxonomy":"product_cat","embeddable":true,"href":"https:\/\/www.hirtenberg-apotheke.at\/katalog\/wp-json\/wp\/v2\/product_cat?post=68629"},{"taxonomy":"product_tag","embeddable":true,"href":"https:\/\/www.hirtenberg-apotheke.at\/katalog\/wp-json\/wp\/v2\/product_tag?post=68629"}],"curies":[{"name":"wp","href":"https:\/\/api.w.org\/{rel}","templated":true}]}}