{"id":68633,"date":"2025-11-26T23:57:21","date_gmt":"2025-11-26T22:57:21","guid":{"rendered":"https:\/\/www.hirtenberg-apotheke.at\/katalog\/produkt\/hypotonie-gastreu-r44-tropfen\/"},"modified":"2025-11-26T23:57:37","modified_gmt":"2025-11-26T22:57:37","slug":"hypotonie-gastreu-r44-tropfen","status":"publish","type":"product","link":"https:\/\/www.hirtenberg-apotheke.at\/katalog\/produkt\/hypotonie-gastreu-r44-tropfen\/","title":{"rendered":"Hypotonie Gastreu R44 Tropfen"},"content":{"rendered":"<p>Hypotonie Gastreu R44 Tropfen sind eine Kombination aus 4 bew\u00e4hrten hom\u00f6opathischen Wirkstoffen. Sie helfen w\u00e4hrend der Pubert\u00e4t, wenn Jugendliche und junge Erwachsene h\u00e4ufig unter einem zu niedrigen Blutdruck leiden. Pl\u00f6tzliches Aufstehen aus der Liegeposition oder langes Stehen kann dann dazu f\u00fchren, dass Schwindel auftritt. Dem wirkt dieses Mittel entgegen.<\/p>\n","protected":false},"excerpt":{"rendered":"<p>Hypotonie Gastreu R44 Tropfen sind eine Kombination aus 4 bew\u00e4hrten hom\u00f6opathischen Wirkstoffen. Sie helfen w\u00e4hrend der Pubert\u00e4t, wenn Jugendliche und junge Erwachsene h\u00e4ufig unter einem zu niedrigen Blutdruck leiden. Pl\u00f6tzliches Aufstehen aus der Liegeposition oder langes Stehen kann dann dazu f\u00fchren, dass Schwindel auftritt. Dem wirkt dieses Mittel entgegen.<\/p>\n","protected":false},"featured_media":68635,"template":"","meta":{"_acf_changed":false},"product_brand":[],"product_cat":[330],"product_tag":[],"class_list":{"0":"post-68633","1":"product","2":"type-product","3":"status-publish","4":"has-post-thumbnail","6":"product_cat-h","7":"pa_packungsgroesse-50ml","9":"first","10":"instock","11":"shipping-taxable","12":"purchasable","13":"product-type-simple"},"acf":[],"_links":{"self":[{"href":"https:\/\/www.hirtenberg-apotheke.at\/katalog\/wp-json\/wp\/v2\/product\/68633","targetHints":{"allow":["GET"]}}],"collection":[{"href":"https:\/\/www.hirtenberg-apotheke.at\/katalog\/wp-json\/wp\/v2\/product"}],"about":[{"href":"https:\/\/www.hirtenberg-apotheke.at\/katalog\/wp-json\/wp\/v2\/types\/product"}],"wp:featuredmedia":[{"embeddable":true,"href":"https:\/\/www.hirtenberg-apotheke.at\/katalog\/wp-json\/wp\/v2\/media\/68635"}],"wp:attachment":[{"href":"https:\/\/www.hirtenberg-apotheke.at\/katalog\/wp-json\/wp\/v2\/media?parent=68633"}],"wp:term":[{"taxonomy":"product_brand","embeddable":true,"href":"https:\/\/www.hirtenberg-apotheke.at\/katalog\/wp-json\/wp\/v2\/product_brand?post=68633"},{"taxonomy":"product_cat","embeddable":true,"href":"https:\/\/www.hirtenberg-apotheke.at\/katalog\/wp-json\/wp\/v2\/product_cat?post=68633"},{"taxonomy":"product_tag","embeddable":true,"href":"https:\/\/www.hirtenberg-apotheke.at\/katalog\/wp-json\/wp\/v2\/product_tag?post=68633"}],"curies":[{"name":"wp","href":"https:\/\/api.w.org\/{rel}","templated":true}]}}