{"id":68636,"date":"2025-11-26T23:57:21","date_gmt":"2025-11-26T22:57:21","guid":{"rendered":"https:\/\/www.hirtenberg-apotheke.at\/katalog\/produkt\/entero-gastreu-r4-tropfen\/"},"modified":"2025-11-26T23:57:41","modified_gmt":"2025-11-26T22:57:41","slug":"entero-gastreu-r4-tropfen","status":"publish","type":"product","link":"https:\/\/www.hirtenberg-apotheke.at\/katalog\/produkt\/entero-gastreu-r4-tropfen\/","title":{"rendered":"Entero Gastreu R4 Tropfen"},"content":{"rendered":"<p>Entero Gastreu R4 Tropfen sind eine Kombination aus 5 bew\u00e4hrten hom\u00f6opathischen Wirkstoffen. Sie helfen bei Durchfall mit \u00dcbelkeit und Erbrechen, lindern die kolikartigen Kr\u00e4mpfe im Bauch, regulieren die Konsistenz und H\u00e4ufigkeit der Stuhlentleerungen und helfen dem K\u00f6rper bei durchfallbedingter Schw\u00e4che und Kreislaufproblemen. Unser Tipp f\u00fcr Ihre Reiseapotheke.<\/p>\n","protected":false},"excerpt":{"rendered":"<p>Entero Gastreu R4 Tropfen sind eine Kombination aus 5 bew\u00e4hrten hom\u00f6opathischen Wirkstoffen. Sie helfen bei Durchfall mit \u00dcbelkeit und Erbrechen, lindern die kolikartigen Kr\u00e4mpfe im Bauch, regulieren die Konsistenz und H\u00e4ufigkeit der Stuhlentleerungen und helfen dem K\u00f6rper bei durchfallbedingter Schw\u00e4che und Kreislaufproblemen. Unser Tipp f\u00fcr Ihre Reiseapotheke.<\/p>\n","protected":false},"featured_media":68638,"template":"","meta":{"_acf_changed":false},"product_brand":[],"product_cat":[307],"product_tag":[],"class_list":{"0":"post-68636","1":"product","2":"type-product","3":"status-publish","4":"has-post-thumbnail","6":"product_cat-e","7":"pa_packungsgroesse-50ml","9":"first","10":"instock","11":"shipping-taxable","12":"purchasable","13":"product-type-simple"},"acf":[],"_links":{"self":[{"href":"https:\/\/www.hirtenberg-apotheke.at\/katalog\/wp-json\/wp\/v2\/product\/68636","targetHints":{"allow":["GET"]}}],"collection":[{"href":"https:\/\/www.hirtenberg-apotheke.at\/katalog\/wp-json\/wp\/v2\/product"}],"about":[{"href":"https:\/\/www.hirtenberg-apotheke.at\/katalog\/wp-json\/wp\/v2\/types\/product"}],"wp:featuredmedia":[{"embeddable":true,"href":"https:\/\/www.hirtenberg-apotheke.at\/katalog\/wp-json\/wp\/v2\/media\/68638"}],"wp:attachment":[{"href":"https:\/\/www.hirtenberg-apotheke.at\/katalog\/wp-json\/wp\/v2\/media?parent=68636"}],"wp:term":[{"taxonomy":"product_brand","embeddable":true,"href":"https:\/\/www.hirtenberg-apotheke.at\/katalog\/wp-json\/wp\/v2\/product_brand?post=68636"},{"taxonomy":"product_cat","embeddable":true,"href":"https:\/\/www.hirtenberg-apotheke.at\/katalog\/wp-json\/wp\/v2\/product_cat?post=68636"},{"taxonomy":"product_tag","embeddable":true,"href":"https:\/\/www.hirtenberg-apotheke.at\/katalog\/wp-json\/wp\/v2\/product_tag?post=68636"}],"curies":[{"name":"wp","href":"https:\/\/api.w.org\/{rel}","templated":true}]}}