{"id":68639,"date":"2025-11-26T23:57:40","date_gmt":"2025-11-26T22:57:40","guid":{"rendered":"https:\/\/www.hirtenberg-apotheke.at\/katalog\/produkt\/dr-reckeweg-thrombo-gastreu-r42-50-ml\/"},"modified":"2025-11-26T23:57:51","modified_gmt":"2025-11-26T22:57:51","slug":"dr-reckeweg-thrombo-gastreu-r42-50-ml","status":"publish","type":"product","link":"https:\/\/www.hirtenberg-apotheke.at\/katalog\/produkt\/dr-reckeweg-thrombo-gastreu-r42-50-ml\/","title":{"rendered":"Dr. Reckeweg Thrombo-Gastreu R42 50 ml"},"content":{"rendered":"<p>Hom\u00f6opathische Arzneispezialit\u00e4t ohne genehmigte therapeutische Anwendungsgebiete. Bei w\u00e4hrend der Anwendung des Arzneimittels fortw\u00e4hrenden Krankheitssymptomen ist ein Arzt aufzusuchen.<\/p>\n","protected":false},"excerpt":{"rendered":"<p>Hom\u00f6opathische Arzneispezialit\u00e4t ohne genehmigte therapeutische Anwendungsgebiete. Bei w\u00e4hrend der Anwendung des Arzneimittels fortw\u00e4hrenden Krankheitssymptomen ist ein Arzt aufzusuchen.<\/p>\n","protected":false},"featured_media":68641,"template":"","meta":{"_acf_changed":false},"product_brand":[],"product_cat":[295],"product_tag":[],"class_list":{"0":"post-68639","1":"product","2":"type-product","3":"status-publish","4":"has-post-thumbnail","6":"product_cat-d","7":"pa_packungsgroesse-50ml","9":"first","10":"instock","11":"shipping-taxable","12":"purchasable","13":"product-type-simple"},"acf":[],"_links":{"self":[{"href":"https:\/\/www.hirtenberg-apotheke.at\/katalog\/wp-json\/wp\/v2\/product\/68639","targetHints":{"allow":["GET"]}}],"collection":[{"href":"https:\/\/www.hirtenberg-apotheke.at\/katalog\/wp-json\/wp\/v2\/product"}],"about":[{"href":"https:\/\/www.hirtenberg-apotheke.at\/katalog\/wp-json\/wp\/v2\/types\/product"}],"wp:featuredmedia":[{"embeddable":true,"href":"https:\/\/www.hirtenberg-apotheke.at\/katalog\/wp-json\/wp\/v2\/media\/68641"}],"wp:attachment":[{"href":"https:\/\/www.hirtenberg-apotheke.at\/katalog\/wp-json\/wp\/v2\/media?parent=68639"}],"wp:term":[{"taxonomy":"product_brand","embeddable":true,"href":"https:\/\/www.hirtenberg-apotheke.at\/katalog\/wp-json\/wp\/v2\/product_brand?post=68639"},{"taxonomy":"product_cat","embeddable":true,"href":"https:\/\/www.hirtenberg-apotheke.at\/katalog\/wp-json\/wp\/v2\/product_cat?post=68639"},{"taxonomy":"product_tag","embeddable":true,"href":"https:\/\/www.hirtenberg-apotheke.at\/katalog\/wp-json\/wp\/v2\/product_tag?post=68639"}],"curies":[{"name":"wp","href":"https:\/\/api.w.org\/{rel}","templated":true}]}}