{"id":68644,"date":"2025-11-26T23:57:40","date_gmt":"2025-11-26T22:57:40","guid":{"rendered":"https:\/\/www.hirtenberg-apotheke.at\/katalog\/produkt\/rhino-gastreu-r49-tropfen-50-ml\/"},"modified":"2025-11-26T23:57:55","modified_gmt":"2025-11-26T22:57:55","slug":"rhino-gastreu-r49-tropfen-50-ml","status":"publish","type":"product","link":"https:\/\/www.hirtenberg-apotheke.at\/katalog\/produkt\/rhino-gastreu-r49-tropfen-50-ml\/","title":{"rendered":"Rhino Gastreu R49 Tropfen 50 ml"},"content":{"rendered":"<p>Rhino Gastreu R49 Tropfen bewirkt die Besserung der Beschwerden bei einer Nasennebenh\u00f6hlenentz\u00fcndung. Um die ideale Wirkung dieser Tropfen zu erhalten, sollten bei akuten Zust\u00e4nden alle halbe bis ganze Stunde, jedoch h\u00f6chstens 6-mal t\u00e4glich, je 5 Tropfen eingenommen werden.<\/p>\n","protected":false},"excerpt":{"rendered":"<p>Rhino Gastreu R49 Tropfen bewirkt die Besserung der Beschwerden bei einer Nasennebenh\u00f6hlenentz\u00fcndung. Um die ideale Wirkung dieser Tropfen zu erhalten, sollten bei akuten Zust\u00e4nden alle halbe bis ganze Stunde, jedoch h\u00f6chstens 6-mal t\u00e4glich, je 5 Tropfen eingenommen werden.<\/p>\n","protected":false},"featured_media":68646,"template":"","meta":{"_acf_changed":false},"product_brand":[],"product_cat":[311],"product_tag":[],"class_list":{"0":"post-68644","1":"product","2":"type-product","3":"status-publish","4":"has-post-thumbnail","6":"product_cat-r","7":"pa_packungsgroesse-50ml","9":"first","10":"instock","11":"shipping-taxable","12":"purchasable","13":"product-type-simple"},"acf":[],"_links":{"self":[{"href":"https:\/\/www.hirtenberg-apotheke.at\/katalog\/wp-json\/wp\/v2\/product\/68644","targetHints":{"allow":["GET"]}}],"collection":[{"href":"https:\/\/www.hirtenberg-apotheke.at\/katalog\/wp-json\/wp\/v2\/product"}],"about":[{"href":"https:\/\/www.hirtenberg-apotheke.at\/katalog\/wp-json\/wp\/v2\/types\/product"}],"wp:featuredmedia":[{"embeddable":true,"href":"https:\/\/www.hirtenberg-apotheke.at\/katalog\/wp-json\/wp\/v2\/media\/68646"}],"wp:attachment":[{"href":"https:\/\/www.hirtenberg-apotheke.at\/katalog\/wp-json\/wp\/v2\/media?parent=68644"}],"wp:term":[{"taxonomy":"product_brand","embeddable":true,"href":"https:\/\/www.hirtenberg-apotheke.at\/katalog\/wp-json\/wp\/v2\/product_brand?post=68644"},{"taxonomy":"product_cat","embeddable":true,"href":"https:\/\/www.hirtenberg-apotheke.at\/katalog\/wp-json\/wp\/v2\/product_cat?post=68644"},{"taxonomy":"product_tag","embeddable":true,"href":"https:\/\/www.hirtenberg-apotheke.at\/katalog\/wp-json\/wp\/v2\/product_tag?post=68644"}],"curies":[{"name":"wp","href":"https:\/\/api.w.org\/{rel}","templated":true}]}}