{"id":68648,"date":"2025-11-26T23:57:40","date_gmt":"2025-11-26T22:57:40","guid":{"rendered":"https:\/\/www.hirtenberg-apotheke.at\/katalog\/produkt\/dormi-gastreu-r14-tropfen\/"},"modified":"2025-11-26T23:57:58","modified_gmt":"2025-11-26T22:57:58","slug":"dormi-gastreu-r14-tropfen","status":"publish","type":"product","link":"https:\/\/www.hirtenberg-apotheke.at\/katalog\/produkt\/dormi-gastreu-r14-tropfen\/","title":{"rendered":"Dormi Gastreu R14 Tropfen"},"content":{"rendered":"<p>Dormi Gastreu R14 Tropfen eignen sich sehr gut f\u00fcr eine Selbstbehandlung bei nerv\u00f6s bedingten kurzfristigen Schlafst\u00f6rungen. Sie st\u00e4rken die Nerven und helfen, die innere Balance, f\u00fcr einen nat\u00fcrlichen Schlafrhythmus, zu finden. Sie enthalten eine Kombination aus 7 bew\u00e4hrten hom\u00f6opathischen Wirkstoffen.<\/p>\n","protected":false},"excerpt":{"rendered":"<p>Dormi Gastreu R14 Tropfen eignen sich sehr gut f\u00fcr eine Selbstbehandlung bei nerv\u00f6s bedingten kurzfristigen Schlafst\u00f6rungen. Sie st\u00e4rken die Nerven und helfen, die innere Balance, f\u00fcr einen nat\u00fcrlichen Schlafrhythmus, zu finden. Sie enthalten eine Kombination aus 7 bew\u00e4hrten hom\u00f6opathischen Wirkstoffen.<\/p>\n","protected":false},"featured_media":68650,"template":"","meta":{"_acf_changed":false},"product_brand":[],"product_cat":[295],"product_tag":[],"class_list":{"0":"post-68648","1":"product","2":"type-product","3":"status-publish","4":"has-post-thumbnail","6":"product_cat-d","7":"pa_packungsgroesse-50ml","9":"first","10":"instock","11":"shipping-taxable","12":"purchasable","13":"product-type-simple"},"acf":[],"_links":{"self":[{"href":"https:\/\/www.hirtenberg-apotheke.at\/katalog\/wp-json\/wp\/v2\/product\/68648","targetHints":{"allow":["GET"]}}],"collection":[{"href":"https:\/\/www.hirtenberg-apotheke.at\/katalog\/wp-json\/wp\/v2\/product"}],"about":[{"href":"https:\/\/www.hirtenberg-apotheke.at\/katalog\/wp-json\/wp\/v2\/types\/product"}],"wp:featuredmedia":[{"embeddable":true,"href":"https:\/\/www.hirtenberg-apotheke.at\/katalog\/wp-json\/wp\/v2\/media\/68650"}],"wp:attachment":[{"href":"https:\/\/www.hirtenberg-apotheke.at\/katalog\/wp-json\/wp\/v2\/media?parent=68648"}],"wp:term":[{"taxonomy":"product_brand","embeddable":true,"href":"https:\/\/www.hirtenberg-apotheke.at\/katalog\/wp-json\/wp\/v2\/product_brand?post=68648"},{"taxonomy":"product_cat","embeddable":true,"href":"https:\/\/www.hirtenberg-apotheke.at\/katalog\/wp-json\/wp\/v2\/product_cat?post=68648"},{"taxonomy":"product_tag","embeddable":true,"href":"https:\/\/www.hirtenberg-apotheke.at\/katalog\/wp-json\/wp\/v2\/product_tag?post=68648"}],"curies":[{"name":"wp","href":"https:\/\/api.w.org\/{rel}","templated":true}]}}