{"id":68651,"date":"2025-11-26T23:57:40","date_gmt":"2025-11-26T22:57:40","guid":{"rendered":"https:\/\/www.hirtenberg-apotheke.at\/katalog\/produkt\/gelmisan-gastreu-r16-tropfen\/"},"modified":"2025-11-26T23:58:01","modified_gmt":"2025-11-26T22:58:01","slug":"gelmisan-gastreu-r16-tropfen","status":"publish","type":"product","link":"https:\/\/www.hirtenberg-apotheke.at\/katalog\/produkt\/gelmisan-gastreu-r16-tropfen\/","title":{"rendered":"Gelmisan Gastreu R16 Tropfen"},"content":{"rendered":"<p>Gelmisan Gastreu R16 Tropfen l\u00f6sen die Verspannungen, lindern den Schmerz und unterst\u00fctzen die Selbstheilungskr\u00e4fte des K\u00f6rpers. Gleichzeitig sind sie gut vertr\u00e4glich und wirken harmonisierend und umstimmend auf den K\u00f6rper.<\/p>\n","protected":false},"excerpt":{"rendered":"<p>Gelmisan Gastreu R16 Tropfen l\u00f6sen die Verspannungen, lindern den Schmerz und unterst\u00fctzen die Selbstheilungskr\u00e4fte des K\u00f6rpers. Gleichzeitig sind sie gut vertr\u00e4glich und wirken harmonisierend und umstimmend auf den K\u00f6rper.<\/p>\n","protected":false},"featured_media":68653,"template":"","meta":{"_acf_changed":false},"product_brand":[],"product_cat":[328],"product_tag":[],"class_list":{"0":"post-68651","1":"product","2":"type-product","3":"status-publish","4":"has-post-thumbnail","6":"product_cat-g","7":"pa_packungsgroesse-50ml","9":"first","10":"instock","11":"shipping-taxable","12":"purchasable","13":"product-type-simple"},"acf":[],"_links":{"self":[{"href":"https:\/\/www.hirtenberg-apotheke.at\/katalog\/wp-json\/wp\/v2\/product\/68651","targetHints":{"allow":["GET"]}}],"collection":[{"href":"https:\/\/www.hirtenberg-apotheke.at\/katalog\/wp-json\/wp\/v2\/product"}],"about":[{"href":"https:\/\/www.hirtenberg-apotheke.at\/katalog\/wp-json\/wp\/v2\/types\/product"}],"wp:featuredmedia":[{"embeddable":true,"href":"https:\/\/www.hirtenberg-apotheke.at\/katalog\/wp-json\/wp\/v2\/media\/68653"}],"wp:attachment":[{"href":"https:\/\/www.hirtenberg-apotheke.at\/katalog\/wp-json\/wp\/v2\/media?parent=68651"}],"wp:term":[{"taxonomy":"product_brand","embeddable":true,"href":"https:\/\/www.hirtenberg-apotheke.at\/katalog\/wp-json\/wp\/v2\/product_brand?post=68651"},{"taxonomy":"product_cat","embeddable":true,"href":"https:\/\/www.hirtenberg-apotheke.at\/katalog\/wp-json\/wp\/v2\/product_cat?post=68651"},{"taxonomy":"product_tag","embeddable":true,"href":"https:\/\/www.hirtenberg-apotheke.at\/katalog\/wp-json\/wp\/v2\/product_tag?post=68651"}],"curies":[{"name":"wp","href":"https:\/\/api.w.org\/{rel}","templated":true}]}}